{"id":254,"date":"2025-09-15T18:07:00","date_gmt":"2025-09-15T23:07:00","guid":{"rendered":"https:\/\/iesppsantaana.edu.pe\/?page_id=254"},"modified":"2026-04-08T09:24:50","modified_gmt":"2026-04-08T14:24:50","slug":"mision-y-vision","status":"publish","type":"page","link":"https:\/\/iesppsantaana.edu.pe\/index.php\/mision-y-vision\/","title":{"rendered":"Misi\u00f3n y Visi\u00f3n"},"content":{"rendered":"\t\t<div data-elementor-type=\"wp-page\" data-elementor-id=\"254\" class=\"elementor elementor-254\" data-elementor-post-type=\"page\">\n\t\t\t\t<div class=\"elementor-element elementor-element-d9c66e7 e-flex e-con-boxed wpr-particle-no wpr-jarallax-no wpr-parallax-no wpr-sticky-section-no e-con e-parent\" data-id=\"d9c66e7\" data-element_type=\"container\">\n\t\t\t\t\t<div class=\"e-con-inner\">\n\t\t\t\t<div class=\"elementor-element elementor-element-d840cb1 elementor-widget elementor-widget-spacer\" data-id=\"d840cb1\" data-element_type=\"widget\" data-widget_type=\"spacer.default\">\n\t\t\t\t<div class=\"elementor-widget-container\">\n\t\t\t\t\t\t\t<div class=\"elementor-spacer\">\n\t\t\t<div class=\"elementor-spacer-inner\"><\/div>\n\t\t<\/div>\n\t\t\t\t\t\t<\/div>\n\t\t\t\t<\/div>\n\t\t\t\t<div class=\"elementor-element elementor-element-7d4cc84 elementor-widget elementor-widget-heading\" data-id=\"7d4cc84\" data-element_type=\"widget\" data-widget_type=\"heading.default\">\n\t\t\t\t<div class=\"elementor-widget-container\">\n\t\t\t\t\t<h3 class=\"elementor-heading-title elementor-size-default\">Misi\u00f3n y Visi\u00f3n<\/h3>\t\t\t\t<\/div>\n\t\t\t\t<\/div>\n\t\t\t\t<div class=\"elementor-element elementor-element-8cc0c41 elementor-widget elementor-widget-text-editor\" data-id=\"8cc0c41\" data-element_type=\"widget\" data-widget_type=\"text-editor.default\">\n\t\t\t\t<div class=\"elementor-widget-container\">\n\t\t\t\t\t\t\t\t\t<p style=\"text-align: center;\">Nuestro prop\u00f3sito y aspiraci\u00f3n para el futuro de la educaci\u00f3n.<\/p>\t\t\t\t\t\t\t\t<\/div>\n\t\t\t\t<\/div>\n\t\t<div class=\"elementor-element elementor-element-f697904 e-grid e-con-full wpr-particle-no wpr-jarallax-no wpr-parallax-no wpr-sticky-section-no e-con e-child\" data-id=\"f697904\" data-element_type=\"container\">\n\t\t<div class=\"elementor-element elementor-element-df1b9c6 e-con-full e-flex wpr-particle-no wpr-jarallax-no wpr-parallax-no wpr-sticky-section-no e-con e-child\" data-id=\"df1b9c6\" data-element_type=\"container\">\n\t\t\t\t<div class=\"elementor-element elementor-element-6e2025a elementor-headline--style-highlight elementor-widget elementor-widget-animated-headline\" data-id=\"6e2025a\" data-element_type=\"widget\" data-settings=\"{&quot;marker&quot;:&quot;underline_zigzag&quot;,&quot;highlighted_text&quot;:&quot;Misi\\u00f3n&quot;,&quot;headline_style&quot;:&quot;highlight&quot;,&quot;loop&quot;:&quot;yes&quot;,&quot;highlight_animation_duration&quot;:1200,&quot;highlight_iteration_delay&quot;:8000}\" data-widget_type=\"animated-headline.default\">\n\t\t\t\t<div class=\"elementor-widget-container\">\n\t\t\t\t\t\t\t<h4 class=\"elementor-headline\">\n\t\t\t\t\t<span class=\"elementor-headline-plain-text elementor-headline-text-wrapper\">Nuestra<\/span>\n\t\t\t\t<span class=\"elementor-headline-dynamic-wrapper elementor-headline-text-wrapper\">\n\t\t\t\t\t<span class=\"elementor-headline-dynamic-text elementor-headline-text-active\">Misi\u00f3n<\/span>\n\t\t\t\t<\/span>\n\t\t\t\t<\/h4>\n\t\t\t\t\t\t<\/div>\n\t\t\t\t<\/div>\n\t\t\t\t<div class=\"elementor-element elementor-element-e4a6831 elementor-widget elementor-widget-text-editor\" data-id=\"e4a6831\" data-element_type=\"widget\" data-widget_type=\"text-editor.default\">\n\t\t\t\t<div class=\"elementor-widget-container\">\n\t\t\t\t\t\t\t\t\t<p>Somos una instituci\u00f3n reconocida que brinda la formaci\u00f3n inicial docente y formaci\u00f3n continua, con enfoque human\u00edstico y pr\u00e1ctica de valores \u00e9ticos y morales. Nuestro servicio educativo est\u00e1 orientado a la formaci\u00f3n de docentes cr\u00edticos, reflexivos, competentes e innovadores que contribuyen a mejorar el proceso de ense\u00f1anza aprendizaje, a cargo de formadores preparados, investigadores e impulsores del desarrollo educativo quienes asumen una responsabilidad social y emprendedora. Adem\u00e1s, garantizamos las condiciones b\u00e1sicas \u00f3ptimas y relevantes de calidad.<\/p>\t\t\t\t\t\t\t\t<\/div>\n\t\t\t\t<\/div>\n\t\t\t\t<\/div>\n\t\t<div class=\"elementor-element elementor-element-710f779 e-con-full e-flex wpr-particle-no wpr-jarallax-no wpr-parallax-no wpr-sticky-section-no e-con e-child\" data-id=\"710f779\" data-element_type=\"container\">\n\t\t\t\t<div class=\"elementor-element elementor-element-d96345a elementor-headline--style-highlight elementor-widget elementor-widget-animated-headline\" data-id=\"d96345a\" data-element_type=\"widget\" data-settings=\"{&quot;marker&quot;:&quot;underline_zigzag&quot;,&quot;highlighted_text&quot;:&quot;Visi\\u00f3n&quot;,&quot;headline_style&quot;:&quot;highlight&quot;,&quot;loop&quot;:&quot;yes&quot;,&quot;highlight_animation_duration&quot;:1200,&quot;highlight_iteration_delay&quot;:8000}\" data-widget_type=\"animated-headline.default\">\n\t\t\t\t<div class=\"elementor-widget-container\">\n\t\t\t\t\t\t\t<h4 class=\"elementor-headline\">\n\t\t\t\t\t<span class=\"elementor-headline-plain-text elementor-headline-text-wrapper\">Nuestra<\/span>\n\t\t\t\t<span class=\"elementor-headline-dynamic-wrapper elementor-headline-text-wrapper\">\n\t\t\t\t\t<span class=\"elementor-headline-dynamic-text elementor-headline-text-active\">Visi\u00f3n<\/span>\n\t\t\t\t<\/span>\n\t\t\t\t<\/h4>\n\t\t\t\t\t\t<\/div>\n\t\t\t\t<\/div>\n\t\t\t\t<div class=\"elementor-element elementor-element-9f2b2c8 elementor-widget elementor-widget-text-editor\" data-id=\"9f2b2c8\" data-element_type=\"widget\" data-widget_type=\"text-editor.default\">\n\t\t\t\t<div class=\"elementor-widget-container\">\n\t\t\t\t\t\t\t\t\t<p>Al 2029 ser una Escuela de Educaci\u00f3n Superior Pedag\u00f3gica referente a nivel regional y nacional, en el \u00e1mbito de la formaci\u00f3n docente inicial y continua, desarrolla el pensamiento hol\u00edstico que se caracteriza por ser cr\u00edtico, reflexivo, intercultural e inclusivo. Los egresados demuestran competencias valores \u00e9ticos y morales, as\u00ed como una s\u00f3lida preparaci\u00f3n acad\u00e9mica para desempe\u00f1arse como docentes de aula, l\u00edderes pedag\u00f3gicos, investigadores e innovadores que contribuyen a la construcci\u00f3n de una sociedad justa y democr\u00e1tica. Adem\u00e1s, capacitados para utilizar de manera efectiva la tecnolog\u00eda en su labor docente, manteniendo un compromiso firme con el respeto y cuidado del medio ambiente.<\/p>\t\t\t\t\t\t\t\t<\/div>\n\t\t\t\t<\/div>\n\t\t\t\t<\/div>\n\t\t\t\t<\/div>\n\t\t\t\t<div class=\"elementor-element elementor-element-ce93f8c elementor-widget elementor-widget-spacer\" data-id=\"ce93f8c\" data-element_type=\"widget\" data-widget_type=\"spacer.default\">\n\t\t\t\t<div class=\"elementor-widget-container\">\n\t\t\t\t\t\t\t<div class=\"elementor-spacer\">\n\t\t\t<div class=\"elementor-spacer-inner\"><\/div>\n\t\t<\/div>\n\t\t\t\t\t\t<\/div>\n\t\t\t\t<\/div>\n\t\t\t\t\t<\/div>\n\t\t\t\t<\/div>\n\t\t<div class=\"elementor-element elementor-element-9cf006c e-flex e-con-boxed wpr-particle-no wpr-jarallax-no wpr-parallax-no wpr-sticky-section-no e-con e-parent\" data-id=\"9cf006c\" data-element_type=\"container\">\n\t\t\t\t\t<div class=\"e-con-inner\">\n\t\t\t\t<div class=\"elementor-element elementor-element-62fa647 elementor-widget elementor-widget-heading\" data-id=\"62fa647\" data-element_type=\"widget\" data-widget_type=\"heading.default\">\n\t\t\t\t<div class=\"elementor-widget-container\">\n\t\t\t\t\t<h4 class=\"elementor-heading-title elementor-size-default\">Principios<\/h4>\t\t\t\t<\/div>\n\t\t\t\t<\/div>\n\t\t\t\t<div class=\"elementor-element elementor-element-1234e11 elementor-widget elementor-widget-text-editor\" data-id=\"1234e11\" data-element_type=\"widget\" data-widget_type=\"text-editor.default\">\n\t\t\t\t<div class=\"elementor-widget-container\">\n\t\t\t\t\t\t\t\t\t<p data-path-to-node=\"1\"><b data-path-to-node=\"1\" data-index-in-node=\"0\">Calidad Educativa:<\/b> Capacidad de la educaci\u00f3n superior para adecuarse a las demandas del entorno, y a la vez, trabajar en <span class=\"citation-242 citation-243\">una previsi\u00f3n de necesidades futuras, tomando en cuenta el entorno laboral, social, cultural y personal de los beneficiados <\/span><span class=\"citation-237 citation-238 citation-239 citation-240 citation-241 citation-242 citation-243 citation-end-243\">de manera inclusiva, asequible, y accesible. Valora los resultados que alcanza la instituci\u00f3<\/span><span class=\"citation-237 citation-238 citation-239 citation-240 citation-241 citation-242 citation-end-242\">n con el aprendi<\/span><span class=\"citation-237 citation-238 citation-239 citation-240 citation-241 citation-end-241\">zaje de los estudiantes y en el reconocimiento de estos por parte de su medio social, laboral y cultura<\/span><span class=\"citation-237 citation-238 citation-239 citation-240 citation-end-240\">l.<\/span><\/p><p data-path-to-node=\"2\"><b data-path-to-node=\"2\" data-index-in-node=\"0\"><span class=\"citation-233 citation-234 citation-235 citation-236\">Pertinencia:<\/span><\/b><span class=\"citation-233 citation-234 citation-235 citation-236 citation-end-236\"> Relaciona la oferta educativa con la<\/span><span class=\"citation-233 citation-234 citation-235\"> demanda del sector productivo y educativo, las necesidades <\/span><span class=\"citation-232 citation-233 citation-234 citation-235 citation-end-235\">de desarrollo<\/span><span class=\"citation-232 citation-233 citation-234 citation-end-234\"> local y regional y las necesidades de servicios a nivel loca<\/span><span class=\"citation-232 citation-233 citation-end-233\">l, regional, nacional e internaciona<\/span><span class=\"citation-232 citation-end-232\">l.<\/span><\/p><p data-path-to-node=\"3\"><b data-path-to-node=\"3\" data-index-in-node=\"0\"><span class=\"citation-231\">Flexibilidad:<\/span><\/b><span class=\"citation-231\"> Permite el tr\u00e1nsito entre los diversos niveles <\/span><span class=\"citation-230 citation-231 citation-end-231\">de calificaci\u00f3n en el mundo educativo y del trabajo, as\u00ed<\/span><span class=\"citation-230 citation-end-230\"> como la permeabilidad con los cambios del entorno social.<\/span><\/p><p id=\"p-rc_634c0f0a15b220f4-22\" data-path-to-node=\"4\"><b data-path-to-node=\"4\" data-index-in-node=\"0\"><span class=\"citation-229\">Inclusi\u00f3n social:<\/span><\/b> <span class=\"citation-228 citation-229 citation-end-229\">Permite que todas las personas, sin discriminaci\u00f3n, ejerzan sus derechos, aprovechen sus habilidades, potencien sus<\/span><span class=\"citation-228 citation-end-228\"> identidades y tomen ventaja de las oportunidades que les ofrezca su medio, accediendo a servicios p\u00fablico<\/span>s y privados de calidad.<\/p>\t\t\t\t\t\t\t\t<\/div>\n\t\t\t\t<\/div>\n\t\t\t\t\t<\/div>\n\t\t\t\t<\/div>\n\t\t<div class=\"elementor-element elementor-element-ff0b864 e-flex e-con-boxed wpr-particle-no wpr-jarallax-no wpr-parallax-no wpr-sticky-section-no e-con e-parent\" data-id=\"ff0b864\" data-element_type=\"container\">\n\t\t\t\t\t<div class=\"e-con-inner\">\n\t\t\t\t<div class=\"elementor-element elementor-element-4ed2804 elementor-widget elementor-widget-heading\" data-id=\"4ed2804\" data-element_type=\"widget\" data-widget_type=\"heading.default\">\n\t\t\t\t<div class=\"elementor-widget-container\">\n\t\t\t\t\t<h4 class=\"elementor-heading-title elementor-size-default\">Valores<\/h4>\t\t\t\t<\/div>\n\t\t\t\t<\/div>\n\t\t\t\t<div class=\"elementor-element elementor-element-303cb5c elementor-widget elementor-widget-text-editor\" data-id=\"303cb5c\" data-element_type=\"widget\" data-widget_type=\"text-editor.default\">\n\t\t\t\t<div class=\"elementor-widget-container\">\n\t\t\t\t\t\t\t\t\t<p data-path-to-node=\"1\"><b data-path-to-node=\"1\" data-index-in-node=\"0\">Calidad Educativa:<\/b> Capacidad de la educaci\u00f3n superior para adecuarse a las demandas del entorno, y a la vez, trabajar en <span class=\"citation-242 citation-243\">una previsi\u00f3n de necesidades futuras, tomando en cuenta el entorno laboral, social, cultural y personal de los beneficiados <\/span><span class=\"citation-237 citation-238 citation-239 citation-240 citation-241 citation-242 citation-243 citation-end-243\">de manera inclusiva, asequible, y accesible. Valora los resultados que alcanza la instituci\u00f3<\/span><span class=\"citation-237 citation-238 citation-239 citation-240 citation-241 citation-242 citation-end-242\">n con el aprendi<\/span><span class=\"citation-237 citation-238 citation-239 citation-240 citation-241 citation-end-241\">zaje de los estudiantes y en el reconocimiento de estos por parte de su medio social, laboral y cultura<\/span><span class=\"citation-237 citation-238 citation-239 citation-240 citation-end-240\">l.<\/span><\/p><p data-path-to-node=\"2\"><b data-path-to-node=\"2\" data-index-in-node=\"0\"><span class=\"citation-233 citation-234 citation-235 citation-236\">Pertinencia:<\/span><\/b><span class=\"citation-233 citation-234 citation-235 citation-236 citation-end-236\"> Relaciona la oferta educativa con la<\/span><span class=\"citation-233 citation-234 citation-235\"> demanda del sector productivo y educativo, las necesidades <\/span><span class=\"citation-232 citation-233 citation-234 citation-235 citation-end-235\">de desarrollo<\/span><span class=\"citation-232 citation-233 citation-234 citation-end-234\"> local y regional y las necesidades de servicios a nivel loca<\/span><span class=\"citation-232 citation-233 citation-end-233\">l, regional, nacional e internaciona<\/span><span class=\"citation-232 citation-end-232\">l.<\/span><\/p><p data-path-to-node=\"3\"><b data-path-to-node=\"3\" data-index-in-node=\"0\"><span class=\"citation-231\">Flexibilidad:<\/span><\/b><span class=\"citation-231\"> Permite el tr\u00e1nsito entre los diversos niveles <\/span><span class=\"citation-230 citation-231 citation-end-231\">de calificaci\u00f3n en el mundo educativo y del trabajo, as\u00ed<\/span><span class=\"citation-230 citation-end-230\"> como la permeabilidad con los cambios del entorno social.<\/span><\/p><p id=\"p-rc_634c0f0a15b220f4-22\" data-path-to-node=\"4\"><b data-path-to-node=\"4\" data-index-in-node=\"0\"><span class=\"citation-229\">Inclusi\u00f3n social:<\/span><\/b> <span class=\"citation-228 citation-229 citation-end-229\">Permite que todas las personas, sin discriminaci\u00f3n, ejerzan sus derechos, aprovechen sus habilidades, potencien sus<\/span><span class=\"citation-228 citation-end-228\"> identidades y tomen ventaja de las oportunidades que les ofrezca su medio, accediendo a servicios p\u00fablico<\/span>s y privados de calidad.<\/p>\t\t\t\t\t\t\t\t<\/div>\n\t\t\t\t<\/div>\n\t\t\t\t\t<\/div>\n\t\t\t\t<\/div>\n\t\t<div class=\"elementor-element elementor-element-e3939f3 e-flex e-con-boxed wpr-particle-no wpr-jarallax-no wpr-parallax-no wpr-sticky-section-no e-con e-parent\" data-id=\"e3939f3\" data-element_type=\"container\">\n\t\t\t\t\t<div class=\"e-con-inner\">\n\t\t\t\t<div class=\"elementor-element elementor-element-687ab4e elementor-widget elementor-widget-spacer\" data-id=\"687ab4e\" data-element_type=\"widget\" data-widget_type=\"spacer.default\">\n\t\t\t\t<div class=\"elementor-widget-container\">\n\t\t\t\t\t\t\t<div class=\"elementor-spacer\">\n\t\t\t<div class=\"elementor-spacer-inner\"><\/div>\n\t\t<\/div>\n\t\t\t\t\t\t<\/div>\n\t\t\t\t<\/div>\n\t\t\t\t\t<\/div>\n\t\t\t\t<\/div>\n\t\t\t\t<\/div>\n\t\t","protected":false},"excerpt":{"rendered":"<p>Misi\u00f3n y Visi\u00f3n Nuestro prop\u00f3sito y aspiraci\u00f3n para el futuro de la educaci\u00f3n. Nuestra Misi\u00f3n Somos una instituci\u00f3n reconocida que brinda la formaci\u00f3n inicial docente y formaci\u00f3n continua, con enfoque human\u00edstico y pr\u00e1ctica de valores \u00e9ticos y morales. Nuestro servicio educativo est\u00e1 orientado a la formaci\u00f3n de docentes cr\u00edticos, reflexivos, competentes e innovadores que contribuyen a mejorar el proceso de ense\u00f1anza aprendizaje, a cargo de formadores preparados, investigadores e impulsores del desarrollo educativo quienes asumen una responsabilidad social y emprendedora. Adem\u00e1s, garantizamos las condiciones b\u00e1sicas \u00f3ptimas y relevantes de calidad. Nuestra Visi\u00f3n Al 2029 ser una Escuela de Educaci\u00f3n Superior Pedag\u00f3gica referente a nivel regional y nacional, en el \u00e1mbito de la formaci\u00f3n docente inicial y continua, desarrolla el pensamiento hol\u00edstico que se caracteriza por ser cr\u00edtico, reflexivo, intercultural e inclusivo. Los egresados demuestran competencias valores \u00e9ticos y morales, as\u00ed como una s\u00f3lida preparaci\u00f3n acad\u00e9mica para desempe\u00f1arse como docentes de aula, l\u00edderes pedag\u00f3gicos, investigadores e innovadores que contribuyen a la construcci\u00f3n de una sociedad justa y democr\u00e1tica. Adem\u00e1s, capacitados para utilizar de manera efectiva la tecnolog\u00eda en su labor docente, manteniendo un compromiso firme con el respeto y cuidado del medio ambiente. Principios Calidad Educativa: Capacidad de la educaci\u00f3n superior para adecuarse a las demandas del entorno, y a la vez, trabajar en una previsi\u00f3n de necesidades futuras, tomando en cuenta el entorno laboral, social, cultural y personal de los beneficiados de manera inclusiva, asequible, y accesible. Valora los resultados que alcanza la instituci\u00f3n con el aprendizaje de los estudiantes y en el reconocimiento de estos por parte de su medio social, laboral y cultural. Pertinencia: Relaciona la oferta educativa con la demanda del sector productivo y educativo, las necesidades de desarrollo local y regional y las necesidades de servicios a nivel local, regional, nacional e internacional. Flexibilidad: Permite el tr\u00e1nsito entre los diversos niveles de calificaci\u00f3n en el mundo educativo y del trabajo, as\u00ed como la permeabilidad con los cambios del entorno social. Inclusi\u00f3n social: Permite que todas las personas, sin discriminaci\u00f3n, ejerzan sus derechos, aprovechen sus habilidades, potencien sus identidades y tomen ventaja de las oportunidades que les ofrezca su medio, accediendo a servicios p\u00fablicos y privados de calidad. Valores Calidad Educativa: Capacidad de la educaci\u00f3n superior para adecuarse a las demandas del entorno, y a la vez, trabajar en una previsi\u00f3n de necesidades futuras, tomando en cuenta el entorno laboral, social, cultural y personal de los beneficiados de manera inclusiva, asequible, y accesible. Valora los resultados que alcanza la instituci\u00f3n con el aprendizaje de los estudiantes y en el reconocimiento de estos por parte de su medio social, laboral y cultural. Pertinencia: Relaciona la oferta educativa con la demanda del sector productivo y educativo, las necesidades de desarrollo local y regional y las necesidades de servicios a nivel local, regional, nacional e internacional. Flexibilidad: Permite el tr\u00e1nsito entre los diversos niveles de calificaci\u00f3n en el mundo educativo y del trabajo, as\u00ed como la permeabilidad con los cambios del entorno social. Inclusi\u00f3n social: Permite que todas las personas, sin discriminaci\u00f3n, ejerzan sus derechos, aprovechen sus habilidades, potencien sus identidades y tomen ventaja de las oportunidades que les ofrezca su medio, accediendo a servicios p\u00fablicos y privados de calidad.<\/p>\n","protected":false},"author":1,"featured_media":0,"parent":0,"menu_order":0,"comment_status":"closed","ping_status":"closed","template":"","meta":{"site-sidebar-layout":"no-sidebar","site-content-layout":"","ast-site-content-layout":"full-width-container","site-content-style":"default","site-sidebar-style":"default","ast-global-header-display":"","ast-banner-title-visibility":"","ast-main-header-display":"","ast-hfb-above-header-display":"","ast-hfb-below-header-display":"","ast-hfb-mobile-header-display":"","site-post-title":"disabled","ast-breadcrumbs-content":"","ast-featured-img":"disabled","footer-sml-layout":"","theme-transparent-header-meta":"","adv-header-id-meta":"","stick-header-meta":"","header-above-stick-meta":"","header-main-stick-meta":"","header-below-stick-meta":"","astra-migrate-meta-layouts":"default","ast-page-background-enabled":"default","ast-page-background-meta":{"desktop":{"background-color":"var(--ast-global-color-4)","background-image":"","background-repeat":"repeat","background-position":"center center","background-size":"auto","background-attachment":"scroll","background-type":"","background-media":"","overlay-type":"","overlay-color":"","overlay-opacity":"","overlay-gradient":""},"tablet":{"background-color":"","background-image":"","background-repeat":"repeat","background-position":"center center","background-size":"auto","background-attachment":"scroll","background-type":"","background-media":"","overlay-type":"","overlay-color":"","overlay-opacity":"","overlay-gradient":""},"mobile":{"background-color":"","background-image":"","background-repeat":"repeat","background-position":"center center","background-size":"auto","background-attachment":"scroll","background-type":"","background-media":"","overlay-type":"","overlay-color":"","overlay-opacity":"","overlay-gradient":""}},"ast-content-background-meta":{"desktop":{"background-color":"var(--ast-global-color-5)","background-image":"","background-repeat":"repeat","background-position":"center center","background-size":"auto","background-attachment":"scroll","background-type":"","background-media":"","overlay-type":"","overlay-color":"","overlay-opacity":"","overlay-gradient":""},"tablet":{"background-color":"var(--ast-global-color-5)","background-image":"","background-repeat":"repeat","background-position":"center center","background-size":"auto","background-attachment":"scroll","background-type":"","background-media":"","overlay-type":"","overlay-color":"","overlay-opacity":"","overlay-gradient":""},"mobile":{"background-color":"var(--ast-global-color-5)","background-image":"","background-repeat":"repeat","background-position":"center center","background-size":"auto","background-attachment":"scroll","background-type":"","background-media":"","overlay-type":"","overlay-color":"","overlay-opacity":"","overlay-gradient":""}},"footnotes":""},"class_list":["post-254","page","type-page","status-publish","hentry"],"_links":{"self":[{"href":"https:\/\/iesppsantaana.edu.pe\/index.php\/wp-json\/wp\/v2\/pages\/254","targetHints":{"allow":["GET"]}}],"collection":[{"href":"https:\/\/iesppsantaana.edu.pe\/index.php\/wp-json\/wp\/v2\/pages"}],"about":[{"href":"https:\/\/iesppsantaana.edu.pe\/index.php\/wp-json\/wp\/v2\/types\/page"}],"author":[{"embeddable":true,"href":"https:\/\/iesppsantaana.edu.pe\/index.php\/wp-json\/wp\/v2\/users\/1"}],"replies":[{"embeddable":true,"href":"https:\/\/iesppsantaana.edu.pe\/index.php\/wp-json\/wp\/v2\/comments?post=254"}],"version-history":[{"count":10,"href":"https:\/\/iesppsantaana.edu.pe\/index.php\/wp-json\/wp\/v2\/pages\/254\/revisions"}],"predecessor-version":[{"id":957,"href":"https:\/\/iesppsantaana.edu.pe\/index.php\/wp-json\/wp\/v2\/pages\/254\/revisions\/957"}],"wp:attachment":[{"href":"https:\/\/iesppsantaana.edu.pe\/index.php\/wp-json\/wp\/v2\/media?parent=254"}],"curies":[{"name":"wp","href":"https:\/\/api.w.org\/{rel}","templated":true}]}}