{"id":258,"date":"2025-09-15T18:07:00","date_gmt":"2025-09-15T23:07:00","guid":{"rendered":"https:\/\/iesppsantaana.edu.pe\/?page_id=258"},"modified":"2026-01-12T17:40:54","modified_gmt":"2026-01-12T22:40:54","slug":"educacion-inicial","status":"publish","type":"page","link":"https:\/\/iesppsantaana.edu.pe\/index.php\/educacion-inicial\/","title":{"rendered":"Educaci\u00f3n Inicial"},"content":{"rendered":"\t\t<div data-elementor-type=\"wp-page\" data-elementor-id=\"258\" class=\"elementor elementor-258\" data-elementor-post-type=\"page\">\n\t\t\t\t<div class=\"elementor-element elementor-element-085dfb7 e-flex e-con-boxed wpr-particle-no wpr-jarallax-no wpr-parallax-no wpr-sticky-section-no e-con e-parent\" data-id=\"085dfb7\" data-element_type=\"container\">\n\t\t\t\t\t<div class=\"e-con-inner\">\n\t\t\t\t<div class=\"elementor-element elementor-element-1d42191 elementor-widget elementor-widget-spacer\" data-id=\"1d42191\" data-element_type=\"widget\" data-widget_type=\"spacer.default\">\n\t\t\t\t<div class=\"elementor-widget-container\">\n\t\t\t\t\t\t\t<div class=\"elementor-spacer\">\n\t\t\t<div class=\"elementor-spacer-inner\"><\/div>\n\t\t<\/div>\n\t\t\t\t\t\t<\/div>\n\t\t\t\t<\/div>\n\t\t\t\t<div class=\"elementor-element elementor-element-b492d39 elementor-invisible elementor-widget elementor-widget-heading\" data-id=\"b492d39\" data-element_type=\"widget\" data-settings=\"{&quot;_animation&quot;:&quot;fadeInDown&quot;}\" data-widget_type=\"heading.default\">\n\t\t\t\t<div class=\"elementor-widget-container\">\n\t\t\t\t\t<h2 class=\"elementor-heading-title elementor-size-default\">Educaci\u00f3n Inicial<\/h2>\t\t\t\t<\/div>\n\t\t\t\t<\/div>\n\t\t\t\t<div class=\"elementor-element elementor-element-8eb6e6a elementor-invisible elementor-widget elementor-widget-text-editor\" data-id=\"8eb6e6a\" data-element_type=\"widget\" data-settings=\"{&quot;_animation&quot;:&quot;fadeInLeft&quot;}\" data-widget_type=\"text-editor.default\">\n\t\t\t\t<div class=\"elementor-widget-container\">\n\t\t\t\t\t\t\t\t\t<p>El Programa de estudios de Educaci\u00f3n Inicial, forma docente con elevado nivel de compromiso con la formaci\u00f3n humana, proactivos y de alta sensibilidad social, capaces de conducir y orientar, eficazmente, los procesos educativos escolarizados y no escolarizados de los ni\u00f1os y ni\u00f1as menores de seis a\u00f1os; influyendo en la manera de ser y actuar de ellos, siendo ejemplo de liderazgo y de un perfil de valores \u00e9ticos y morales positivos. Incorpora permanentemente los nuevos enfoques pedag\u00f3gicos y cient\u00edficos que se forman en el campo de la Educaci\u00f3n Inicial, y desarrolla habilidades, destrezas, conocimientos y actitudes en el profesional de este nivel educativo<\/p>\t\t\t\t\t\t\t\t<\/div>\n\t\t\t\t<\/div>\n\t\t\t\t<div class=\"elementor-element elementor-element-886b204 elementor-widget elementor-widget-heading\" data-id=\"886b204\" data-element_type=\"widget\" data-widget_type=\"heading.default\">\n\t\t\t\t<div class=\"elementor-widget-container\">\n\t\t\t\t\t<h4 class=\"elementor-heading-title elementor-size-default\">Plan de estudios y malla curricular<\/h4>\t\t\t\t<\/div>\n\t\t\t\t<\/div>\n\t\t\t\t<div class=\"elementor-element elementor-element-6dae01c elementor-widget elementor-widget-text-editor\" data-id=\"6dae01c\" data-element_type=\"widget\" data-widget_type=\"text-editor.default\">\n\t\t\t\t<div class=\"elementor-widget-container\">\n\t\t\t\t\t\t\t\t\t<ul><li><strong>Duraci\u00f3n:<\/strong>\u00a010 semestres acad\u00e9micos presenciales<\/li><li><strong>N\u00b0 de cr\u00e9ditos:<\/strong>\u00a0220<\/li><li><strong>T\u00edtulo Profesional a Nombre de la Naci\u00f3n<\/strong>: Profesor(a) de Educaci\u00f3n Inicial.<\/li><\/ul><p>Cada ciclo se desarrolla en diecis\u00e9is (16) semanas, treinta (30) horas semanales, cuatrocientas ochenta (480) horas por ciclo, y cuatro mil ochocientas horas (4 800) por toda la trayectoria formativa.<\/p>\t\t\t\t\t\t\t\t<\/div>\n\t\t\t\t<\/div>\n\t\t\t\t<div class=\"elementor-element elementor-element-caef9c2 elementor-align-center elementor-icon-list--layout-traditional elementor-list-item-link-full_width elementor-widget elementor-widget-icon-list\" data-id=\"caef9c2\" data-element_type=\"widget\" data-widget_type=\"icon-list.default\">\n\t\t\t\t<div class=\"elementor-widget-container\">\n\t\t\t\t\t\t\t<ul class=\"elementor-icon-list-items\">\n\t\t\t\t\t\t\t<li class=\"elementor-icon-list-item\">\n\t\t\t\t\t\t\t\t\t\t\t<span class=\"elementor-icon-list-icon\">\n\t\t\t\t\t\t\t<svg aria-hidden=\"true\" class=\"e-font-icon-svg e-fas-file-pdf\" viewBox=\"0 0 384 512\" xmlns=\"http:\/\/www.w3.org\/2000\/svg\"><path d=\"M181.9 256.1c-5-16-4.9-46.9-2-46.9 8.4 0 7.6 36.9 2 46.9zm-1.7 47.2c-7.7 20.2-17.3 43.3-28.4 62.7 18.3-7 39-17.2 62.9-21.9-12.7-9.6-24.9-23.4-34.5-40.8zM86.1 428.1c0 .8 13.2-5.4 34.9-40.2-6.7 6.3-29.1 24.5-34.9 40.2zM248 160h136v328c0 13.3-10.7 24-24 24H24c-13.3 0-24-10.7-24-24V24C0 10.7 10.7 0 24 0h200v136c0 13.2 10.8 24 24 24zm-8 171.8c-20-12.2-33.3-29-42.7-53.8 4.5-18.5 11.6-46.6 6.2-64.2-4.7-29.4-42.4-26.5-47.8-6.8-5 18.3-.4 44.1 8.1 77-11.6 27.6-28.7 64.6-40.8 85.8-.1 0-.1.1-.2.1-27.1 13.9-73.6 44.5-54.5 68 5.6 6.9 16 10 21.5 10 17.9 0 35.7-18 61.1-61.8 25.8-8.5 54.1-19.1 79-23.2 21.7 11.8 47.1 19.5 64 19.5 29.2 0 31.2-32 19.7-43.4-13.9-13.6-54.3-9.7-73.6-7.2zM377 105L279 7c-4.5-4.5-10.6-7-17-7h-6v128h128v-6.1c0-6.3-2.5-12.4-7-16.9zm-74.1 255.3c4.1-2.7-2.5-11.9-42.8-9 37.1 15.8 42.8 9 42.8 9z\"><\/path><\/svg>\t\t\t\t\t\t<\/span>\n\t\t\t\t\t\t\t\t\t\t<span class=\"elementor-icon-list-text\">Descargar Plan de Estudios (PDF)<\/span>\n\t\t\t\t\t\t\t\t\t<\/li>\n\t\t\t\t\t\t\t\t<li class=\"elementor-icon-list-item\">\n\t\t\t\t\t\t\t\t\t\t\t<a href=\"https:\/\/iesppsantaana.edu.pe\/wp-content\/uploads\/2026\/01\/Diseno-Curricular-Basico-Nacional-2019-Educacion-Inicial-actual-1.pdf\">\n\n\t\t\t\t\t\t\t\t\t\t\t\t<span class=\"elementor-icon-list-icon\">\n\t\t\t\t\t\t\t<svg aria-hidden=\"true\" class=\"e-font-icon-svg e-fas-file-pdf\" viewBox=\"0 0 384 512\" xmlns=\"http:\/\/www.w3.org\/2000\/svg\"><path d=\"M181.9 256.1c-5-16-4.9-46.9-2-46.9 8.4 0 7.6 36.9 2 46.9zm-1.7 47.2c-7.7 20.2-17.3 43.3-28.4 62.7 18.3-7 39-17.2 62.9-21.9-12.7-9.6-24.9-23.4-34.5-40.8zM86.1 428.1c0 .8 13.2-5.4 34.9-40.2-6.7 6.3-29.1 24.5-34.9 40.2zM248 160h136v328c0 13.3-10.7 24-24 24H24c-13.3 0-24-10.7-24-24V24C0 10.7 10.7 0 24 0h200v136c0 13.2 10.8 24 24 24zm-8 171.8c-20-12.2-33.3-29-42.7-53.8 4.5-18.5 11.6-46.6 6.2-64.2-4.7-29.4-42.4-26.5-47.8-6.8-5 18.3-.4 44.1 8.1 77-11.6 27.6-28.7 64.6-40.8 85.8-.1 0-.1.1-.2.1-27.1 13.9-73.6 44.5-54.5 68 5.6 6.9 16 10 21.5 10 17.9 0 35.7-18 61.1-61.8 25.8-8.5 54.1-19.1 79-23.2 21.7 11.8 47.1 19.5 64 19.5 29.2 0 31.2-32 19.7-43.4-13.9-13.6-54.3-9.7-73.6-7.2zM377 105L279 7c-4.5-4.5-10.6-7-17-7h-6v128h128v-6.1c0-6.3-2.5-12.4-7-16.9zm-74.1 255.3c4.1-2.7-2.5-11.9-42.8-9 37.1 15.8 42.8 9 42.8 9z\"><\/path><\/svg>\t\t\t\t\t\t<\/span>\n\t\t\t\t\t\t\t\t\t\t<span class=\"elementor-icon-list-text\">Ver Malla Curricular (PDF)<\/span>\n\t\t\t\t\t\t\t\t\t\t\t<\/a>\n\t\t\t\t\t\t\t\t\t<\/li>\n\t\t\t\t\t\t<\/ul>\n\t\t\t\t\t\t<\/div>\n\t\t\t\t<\/div>\n\t\t\t\t\t<\/div>\n\t\t\t\t<\/div>\n\t\t<div class=\"elementor-element elementor-element-715d495 e-flex e-con-boxed wpr-particle-no wpr-jarallax-no wpr-parallax-no wpr-sticky-section-no e-con e-parent\" data-id=\"715d495\" data-element_type=\"container\">\n\t\t\t\t\t<div class=\"e-con-inner\">\n\t\t\t\t<div class=\"elementor-element elementor-element-7e579b5 elementor-widget elementor-widget-heading\" data-id=\"7e579b5\" data-element_type=\"widget\" data-widget_type=\"heading.default\">\n\t\t\t\t<div class=\"elementor-widget-container\">\n\t\t\t\t\t<h4 class=\"elementor-heading-title elementor-size-default\">Campo Laboral y Oportunidades<\/h4>\t\t\t\t<\/div>\n\t\t\t\t<\/div>\n\t\t\t\t<div class=\"elementor-element elementor-element-4fcefc9 elementor-widget elementor-widget-text-editor\" data-id=\"4fcefc9\" data-element_type=\"widget\" data-widget_type=\"text-editor.default\">\n\t\t\t\t<div class=\"elementor-widget-container\">\n\t\t\t\t\t\t\t\t\t<p>Los egresados de <b>Educaci\u00f3n Inicial<\/b> del <b>Instituto Santa Ana <\/b>est\u00e1n preparados para desempe\u00f1arse en una amplia gama de instituciones y proyectos educativos.<\/p><ul><li data-start=\"464\" data-end=\"527\"><p data-start=\"466\" data-end=\"527\"><strong data-start=\"466\" data-end=\"486\">Docentes de aula<\/strong> en instituciones de educaci\u00f3n inicial.<\/p><\/li><li data-start=\"528\" data-end=\"593\"><p data-start=\"530\" data-end=\"593\"><strong data-start=\"530\" data-end=\"568\">Coordinadores(as) o directores(as)<\/strong> de centros educativos.<\/p><\/li><li data-start=\"594\" data-end=\"667\"><p data-start=\"596\" data-end=\"667\"><strong data-start=\"596\" data-end=\"624\">Asesores(as) pedag\u00f3gicos<\/strong> en instituciones y programas educativos.<\/p><\/li><li data-start=\"668\" data-end=\"768\"><p data-start=\"670\" data-end=\"768\"><strong data-start=\"670\" data-end=\"698\">Especialistas educativos<\/strong> y <strong data-start=\"701\" data-end=\"729\">acompa\u00f1antes pedag\u00f3gicos<\/strong> en procesos de mejora institucional.<\/p><\/li><li data-start=\"769\" data-end=\"862\"><p data-start=\"771\" data-end=\"862\"><strong data-start=\"771\" data-end=\"819\">Desarrolladores(as) de materiales did\u00e1cticos<\/strong> y recursos para el aprendizaje infantil.<\/p><\/li><li data-start=\"863\" data-end=\"943\"><p data-start=\"865\" data-end=\"943\"><strong data-start=\"865\" data-end=\"887\">Investigadores(as)<\/strong> en el campo de la educaci\u00f3n y el desarrollo infantil.<\/p><\/li><li data-start=\"944\" data-end=\"1050\"><p data-start=\"946\" data-end=\"1050\"><strong data-start=\"946\" data-end=\"1014\">Gestores(as) o promotores(as) de proyectos y empresas educativas<\/strong> orientadas a la primera infancia.<\/p><\/li><li data-start=\"1051\" data-end=\"1121\"><p data-start=\"1053\" data-end=\"1121\"><strong data-start=\"1053\" data-end=\"1074\">Capacitadores(as)<\/strong> en centros o programas de formaci\u00f3n docente.<\/p><\/li><li data-start=\"1122\" data-end=\"1204\"><p data-start=\"1124\" data-end=\"1204\"><strong data-start=\"1124\" data-end=\"1178\">Responsables de programas de estimulaci\u00f3n temprana<\/strong> y orientaci\u00f3n a familias.<\/p><\/li><\/ul>\t\t\t\t\t\t\t\t<\/div>\n\t\t\t\t<\/div>\n\t\t\t\t\t<\/div>\n\t\t\t\t<\/div>\n\t\t<div class=\"elementor-element elementor-element-a83103a e-flex e-con-boxed wpr-particle-no wpr-jarallax-no wpr-parallax-no wpr-sticky-section-no e-con e-parent\" data-id=\"a83103a\" data-element_type=\"container\">\n\t\t\t\t\t<div class=\"e-con-inner\">\n\t\t\t\t<div class=\"elementor-element elementor-element-5bad02f elementor-widget elementor-widget-spacer\" data-id=\"5bad02f\" data-element_type=\"widget\" data-widget_type=\"spacer.default\">\n\t\t\t\t<div class=\"elementor-widget-container\">\n\t\t\t\t\t\t\t<div class=\"elementor-spacer\">\n\t\t\t<div class=\"elementor-spacer-inner\"><\/div>\n\t\t<\/div>\n\t\t\t\t\t\t<\/div>\n\t\t\t\t<\/div>\n\t\t\t\t\t<\/div>\n\t\t\t\t<\/div>\n\t\t\t\t<\/div>\n\t\t","protected":false},"excerpt":{"rendered":"<p>Educaci\u00f3n Inicial El Programa de estudios de Educaci\u00f3n Inicial, forma docente con elevado nivel de compromiso con la formaci\u00f3n humana, proactivos y de alta sensibilidad social, capaces de conducir y orientar, eficazmente, los procesos educativos escolarizados y no escolarizados de los ni\u00f1os y ni\u00f1as menores de seis a\u00f1os; influyendo en la manera de ser y actuar de ellos, siendo ejemplo de liderazgo y de un perfil de valores \u00e9ticos y morales positivos. Incorpora permanentemente los nuevos enfoques pedag\u00f3gicos y cient\u00edficos que se forman en el campo de la Educaci\u00f3n Inicial, y desarrolla habilidades, destrezas, conocimientos y actitudes en el profesional de este nivel educativo Plan de estudios y malla curricular Duraci\u00f3n:\u00a010 semestres acad\u00e9micos presenciales N\u00b0 de cr\u00e9ditos:\u00a0220 T\u00edtulo Profesional a Nombre de la Naci\u00f3n: Profesor(a) de Educaci\u00f3n Inicial. Cada ciclo se desarrolla en diecis\u00e9is (16) semanas, treinta (30) horas semanales, cuatrocientas ochenta (480) horas por ciclo, y cuatro mil ochocientas horas (4 800) por toda la trayectoria formativa. Descargar Plan de Estudios (PDF) Ver Malla Curricular (PDF) Campo Laboral y Oportunidades Los egresados de Educaci\u00f3n Inicial del Instituto Santa Ana est\u00e1n preparados para desempe\u00f1arse en una amplia gama de instituciones y proyectos educativos. Docentes de aula en instituciones de educaci\u00f3n inicial. Coordinadores(as) o directores(as) de centros educativos. Asesores(as) pedag\u00f3gicos en instituciones y programas educativos. Especialistas educativos y acompa\u00f1antes pedag\u00f3gicos en procesos de mejora institucional. Desarrolladores(as) de materiales did\u00e1cticos y recursos para el aprendizaje infantil. Investigadores(as) en el campo de la educaci\u00f3n y el desarrollo infantil. Gestores(as) o promotores(as) de proyectos y empresas educativas orientadas a la primera infancia. Capacitadores(as) en centros o programas de formaci\u00f3n docente. Responsables de programas de estimulaci\u00f3n temprana y orientaci\u00f3n a familias.<\/p>\n","protected":false},"author":1,"featured_media":0,"parent":0,"menu_order":0,"comment_status":"closed","ping_status":"closed","template":"","meta":{"site-sidebar-layout":"no-sidebar","site-content-layout":"","ast-site-content-layout":"full-width-container","site-content-style":"default","site-sidebar-style":"default","ast-global-header-display":"","ast-banner-title-visibility":"","ast-main-header-display":"","ast-hfb-above-header-display":"","ast-hfb-below-header-display":"","ast-hfb-mobile-header-display":"","site-post-title":"disabled","ast-breadcrumbs-content":"","ast-featured-img":"disabled","footer-sml-layout":"","theme-transparent-header-meta":"","adv-header-id-meta":"","stick-header-meta":"","header-above-stick-meta":"","header-main-stick-meta":"","header-below-stick-meta":"","astra-migrate-meta-layouts":"default","ast-page-background-enabled":"default","ast-page-background-meta":{"desktop":{"background-color":"var(--ast-global-color-4)","background-image":"","background-repeat":"repeat","background-position":"center center","background-size":"auto","background-attachment":"scroll","background-type":"","background-media":"","overlay-type":"","overlay-color":"","overlay-opacity":"","overlay-gradient":""},"tablet":{"background-color":"","background-image":"","background-repeat":"repeat","background-position":"center center","background-size":"auto","background-attachment":"scroll","background-type":"","background-media":"","overlay-type":"","overlay-color":"","overlay-opacity":"","overlay-gradient":""},"mobile":{"background-color":"","background-image":"","background-repeat":"repeat","background-position":"center center","background-size":"auto","background-attachment":"scroll","background-type":"","background-media":"","overlay-type":"","overlay-color":"","overlay-opacity":"","overlay-gradient":""}},"ast-content-background-meta":{"desktop":{"background-color":"var(--ast-global-color-5)","background-image":"","background-repeat":"repeat","background-position":"center center","background-size":"auto","background-attachment":"scroll","background-type":"","background-media":"","overlay-type":"","overlay-color":"","overlay-opacity":"","overlay-gradient":""},"tablet":{"background-color":"var(--ast-global-color-5)","background-image":"","background-repeat":"repeat","background-position":"center center","background-size":"auto","background-attachment":"scroll","background-type":"","background-media":"","overlay-type":"","overlay-color":"","overlay-opacity":"","overlay-gradient":""},"mobile":{"background-color":"var(--ast-global-color-5)","background-image":"","background-repeat":"repeat","background-position":"center center","background-size":"auto","background-attachment":"scroll","background-type":"","background-media":"","overlay-type":"","overlay-color":"","overlay-opacity":"","overlay-gradient":""}},"footnotes":""},"class_list":["post-258","page","type-page","status-publish","hentry"],"_links":{"self":[{"href":"https:\/\/iesppsantaana.edu.pe\/index.php\/wp-json\/wp\/v2\/pages\/258","targetHints":{"allow":["GET"]}}],"collection":[{"href":"https:\/\/iesppsantaana.edu.pe\/index.php\/wp-json\/wp\/v2\/pages"}],"about":[{"href":"https:\/\/iesppsantaana.edu.pe\/index.php\/wp-json\/wp\/v2\/types\/page"}],"author":[{"embeddable":true,"href":"https:\/\/iesppsantaana.edu.pe\/index.php\/wp-json\/wp\/v2\/users\/1"}],"replies":[{"embeddable":true,"href":"https:\/\/iesppsantaana.edu.pe\/index.php\/wp-json\/wp\/v2\/comments?post=258"}],"version-history":[{"count":25,"href":"https:\/\/iesppsantaana.edu.pe\/index.php\/wp-json\/wp\/v2\/pages\/258\/revisions"}],"predecessor-version":[{"id":871,"href":"https:\/\/iesppsantaana.edu.pe\/index.php\/wp-json\/wp\/v2\/pages\/258\/revisions\/871"}],"wp:attachment":[{"href":"https:\/\/iesppsantaana.edu.pe\/index.php\/wp-json\/wp\/v2\/media?parent=258"}],"curies":[{"name":"wp","href":"https:\/\/api.w.org\/{rel}","templated":true}]}}