{"id":270,"date":"2025-09-15T19:05:44","date_gmt":"2025-09-16T00:05:44","guid":{"rendered":"https:\/\/iesppsantaana.edu.pe\/?page_id=270"},"modified":"2026-01-12T17:41:47","modified_gmt":"2026-01-12T22:41:47","slug":"educacion-primaria","status":"publish","type":"page","link":"https:\/\/iesppsantaana.edu.pe\/index.php\/educacion-primaria\/","title":{"rendered":"Educaci\u00f3n Primaria"},"content":{"rendered":"\t\t<div data-elementor-type=\"wp-page\" data-elementor-id=\"270\" class=\"elementor elementor-270\" data-elementor-post-type=\"page\">\n\t\t\t\t<div class=\"elementor-element elementor-element-1ed0860 e-flex e-con-boxed wpr-particle-no wpr-jarallax-no wpr-parallax-no wpr-sticky-section-no e-con e-parent\" data-id=\"1ed0860\" data-element_type=\"container\">\n\t\t\t\t\t<div class=\"e-con-inner\">\n\t\t\t\t<div class=\"elementor-element elementor-element-470d837 elementor-widget elementor-widget-spacer\" data-id=\"470d837\" data-element_type=\"widget\" data-widget_type=\"spacer.default\">\n\t\t\t\t<div class=\"elementor-widget-container\">\n\t\t\t\t\t\t\t<div class=\"elementor-spacer\">\n\t\t\t<div class=\"elementor-spacer-inner\"><\/div>\n\t\t<\/div>\n\t\t\t\t\t\t<\/div>\n\t\t\t\t<\/div>\n\t\t\t\t<div class=\"elementor-element elementor-element-92731e9 elementor-widget elementor-widget-heading\" data-id=\"92731e9\" data-element_type=\"widget\" data-widget_type=\"heading.default\">\n\t\t\t\t<div class=\"elementor-widget-container\">\n\t\t\t\t\t<h2 class=\"elementor-heading-title elementor-size-default\">Educaci\u00f3n Primaria<\/h2>\t\t\t\t<\/div>\n\t\t\t\t<\/div>\n\t\t\t\t<div class=\"elementor-element elementor-element-e010f50 elementor-widget elementor-widget-text-editor\" data-id=\"e010f50\" data-element_type=\"widget\" data-widget_type=\"text-editor.default\">\n\t\t\t\t<div class=\"elementor-widget-container\">\n\t\t\t\t\t\t\t\t\t<p>El maestro de Educaci\u00f3n Primaria es formado para promover aprendizajes en los estudiantes de 6 a 12 a\u00f1os, aplicando enfoques educativos vigentes para lograr la equidad, inclusi\u00f3n e interculturalidad desde una perspectiva humanista.<\/p><p>La especialidad de Educaci\u00f3n Primaria promueve el desarrollo de las habilidades l\u00f3gico-matem\u00e1ticas, comunicativas, art\u00edsticas, psicomotrices, cient\u00edficas, tecnol\u00f3gicas y desarrollo personal social con la finalidad de formar ni\u00f1os y ni\u00f1as que respondan a las demandas del contexto.<\/p>\t\t\t\t\t\t\t\t<\/div>\n\t\t\t\t<\/div>\n\t\t\t\t\t<\/div>\n\t\t\t\t<\/div>\n\t\t<div class=\"elementor-element elementor-element-06f679f e-flex e-con-boxed wpr-particle-no wpr-jarallax-no wpr-parallax-no wpr-sticky-section-no e-con e-parent\" data-id=\"06f679f\" data-element_type=\"container\">\n\t\t\t\t\t<div class=\"e-con-inner\">\n\t\t\t\t<div class=\"elementor-element elementor-element-c90ac0a elementor-widget elementor-widget-heading\" data-id=\"c90ac0a\" data-element_type=\"widget\" data-widget_type=\"heading.default\">\n\t\t\t\t<div class=\"elementor-widget-container\">\n\t\t\t\t\t<h4 class=\"elementor-heading-title elementor-size-default\">Plan de estudios y malla curricular<\/h4>\t\t\t\t<\/div>\n\t\t\t\t<\/div>\n\t\t\t\t<div class=\"elementor-element elementor-element-ab56d81 elementor-widget elementor-widget-text-editor\" data-id=\"ab56d81\" data-element_type=\"widget\" data-widget_type=\"text-editor.default\">\n\t\t\t\t<div class=\"elementor-widget-container\">\n\t\t\t\t\t\t\t\t\t<ul style=\"padding-left: 2rem; margin-top: 0px; margin-bottom: 1rem; color: #707070; font-family: Manrope, sans-serif; font-size: 16px; font-style: normal; font-weight: 400; letter-spacing: normal;\"><li><span style=\"font-weight: bolder;\">Duraci\u00f3n:<\/span>\u00a010 semestres acad\u00e9micos presenciales<\/li><li><span style=\"font-weight: bolder;\">N\u00b0 de cr\u00e9ditos:<\/span>\u00a0220<\/li><li><span style=\"font-weight: bolder;\">T\u00edtulo Profesional a Nombre de la Naci\u00f3n<\/span>: Profesor(a) de Educaci\u00f3n Primaria.<\/li><\/ul><p style=\"margin-bottom: 1rem; line-height: 1.8; color: #707070; font-family: Manrope, sans-serif; font-size: 16px; font-style: normal; font-weight: 400; letter-spacing: normal;\">\u00a0Cada ciclo se desarrolla en diecis\u00e9is (16) semanas, treinta (30) horas semanales, cuatrocientas ochenta (480) horas por ciclo y cuatro mil ochocientas horas de trabajo acad\u00e9mico (4800) en toda la trayectoria formativa.<\/p>\t\t\t\t\t\t\t\t<\/div>\n\t\t\t\t<\/div>\n\t\t\t\t<div class=\"elementor-element elementor-element-d203dea elementor-align-center elementor-icon-list--layout-traditional elementor-list-item-link-full_width elementor-widget elementor-widget-icon-list\" data-id=\"d203dea\" data-element_type=\"widget\" data-widget_type=\"icon-list.default\">\n\t\t\t\t<div class=\"elementor-widget-container\">\n\t\t\t\t\t\t\t<ul class=\"elementor-icon-list-items\">\n\t\t\t\t\t\t\t<li class=\"elementor-icon-list-item\">\n\t\t\t\t\t\t\t\t\t\t\t<span class=\"elementor-icon-list-icon\">\n\t\t\t\t\t\t\t<svg aria-hidden=\"true\" class=\"e-font-icon-svg e-fas-file-pdf\" viewBox=\"0 0 384 512\" xmlns=\"http:\/\/www.w3.org\/2000\/svg\"><path d=\"M181.9 256.1c-5-16-4.9-46.9-2-46.9 8.4 0 7.6 36.9 2 46.9zm-1.7 47.2c-7.7 20.2-17.3 43.3-28.4 62.7 18.3-7 39-17.2 62.9-21.9-12.7-9.6-24.9-23.4-34.5-40.8zM86.1 428.1c0 .8 13.2-5.4 34.9-40.2-6.7 6.3-29.1 24.5-34.9 40.2zM248 160h136v328c0 13.3-10.7 24-24 24H24c-13.3 0-24-10.7-24-24V24C0 10.7 10.7 0 24 0h200v136c0 13.2 10.8 24 24 24zm-8 171.8c-20-12.2-33.3-29-42.7-53.8 4.5-18.5 11.6-46.6 6.2-64.2-4.7-29.4-42.4-26.5-47.8-6.8-5 18.3-.4 44.1 8.1 77-11.6 27.6-28.7 64.6-40.8 85.8-.1 0-.1.1-.2.1-27.1 13.9-73.6 44.5-54.5 68 5.6 6.9 16 10 21.5 10 17.9 0 35.7-18 61.1-61.8 25.8-8.5 54.1-19.1 79-23.2 21.7 11.8 47.1 19.5 64 19.5 29.2 0 31.2-32 19.7-43.4-13.9-13.6-54.3-9.7-73.6-7.2zM377 105L279 7c-4.5-4.5-10.6-7-17-7h-6v128h128v-6.1c0-6.3-2.5-12.4-7-16.9zm-74.1 255.3c4.1-2.7-2.5-11.9-42.8-9 37.1 15.8 42.8 9 42.8 9z\"><\/path><\/svg>\t\t\t\t\t\t<\/span>\n\t\t\t\t\t\t\t\t\t\t<span class=\"elementor-icon-list-text\">Descargar Plan de Estudios (PDF)<\/span>\n\t\t\t\t\t\t\t\t\t<\/li>\n\t\t\t\t\t\t\t\t<li class=\"elementor-icon-list-item\">\n\t\t\t\t\t\t\t\t\t\t\t<a href=\"https:\/\/iesppsantaana.edu.pe\/wp-content\/uploads\/2026\/01\/Diseno-Curricular-Basico-Nacional-2019-Educacion-Primaria-09082019-actual.pdf\">\n\n\t\t\t\t\t\t\t\t\t\t\t\t<span class=\"elementor-icon-list-icon\">\n\t\t\t\t\t\t\t<svg aria-hidden=\"true\" class=\"e-font-icon-svg e-fas-file-pdf\" viewBox=\"0 0 384 512\" xmlns=\"http:\/\/www.w3.org\/2000\/svg\"><path d=\"M181.9 256.1c-5-16-4.9-46.9-2-46.9 8.4 0 7.6 36.9 2 46.9zm-1.7 47.2c-7.7 20.2-17.3 43.3-28.4 62.7 18.3-7 39-17.2 62.9-21.9-12.7-9.6-24.9-23.4-34.5-40.8zM86.1 428.1c0 .8 13.2-5.4 34.9-40.2-6.7 6.3-29.1 24.5-34.9 40.2zM248 160h136v328c0 13.3-10.7 24-24 24H24c-13.3 0-24-10.7-24-24V24C0 10.7 10.7 0 24 0h200v136c0 13.2 10.8 24 24 24zm-8 171.8c-20-12.2-33.3-29-42.7-53.8 4.5-18.5 11.6-46.6 6.2-64.2-4.7-29.4-42.4-26.5-47.8-6.8-5 18.3-.4 44.1 8.1 77-11.6 27.6-28.7 64.6-40.8 85.8-.1 0-.1.1-.2.1-27.1 13.9-73.6 44.5-54.5 68 5.6 6.9 16 10 21.5 10 17.9 0 35.7-18 61.1-61.8 25.8-8.5 54.1-19.1 79-23.2 21.7 11.8 47.1 19.5 64 19.5 29.2 0 31.2-32 19.7-43.4-13.9-13.6-54.3-9.7-73.6-7.2zM377 105L279 7c-4.5-4.5-10.6-7-17-7h-6v128h128v-6.1c0-6.3-2.5-12.4-7-16.9zm-74.1 255.3c4.1-2.7-2.5-11.9-42.8-9 37.1 15.8 42.8 9 42.8 9z\"><\/path><\/svg>\t\t\t\t\t\t<\/span>\n\t\t\t\t\t\t\t\t\t\t<span class=\"elementor-icon-list-text\">Ver Malla Curricular (PDF)<\/span>\n\t\t\t\t\t\t\t\t\t\t\t<\/a>\n\t\t\t\t\t\t\t\t\t<\/li>\n\t\t\t\t\t\t<\/ul>\n\t\t\t\t\t\t<\/div>\n\t\t\t\t<\/div>\n\t\t\t\t\t<\/div>\n\t\t\t\t<\/div>\n\t\t<div class=\"elementor-element elementor-element-4d4acde e-flex e-con-boxed wpr-particle-no wpr-jarallax-no wpr-parallax-no wpr-sticky-section-no e-con e-parent\" data-id=\"4d4acde\" data-element_type=\"container\">\n\t\t\t\t\t<div class=\"e-con-inner\">\n\t\t\t\t<div class=\"elementor-element elementor-element-16492b0 elementor-widget elementor-widget-heading\" data-id=\"16492b0\" data-element_type=\"widget\" data-widget_type=\"heading.default\">\n\t\t\t\t<div class=\"elementor-widget-container\">\n\t\t\t\t\t<h4 class=\"elementor-heading-title elementor-size-default\">Campo Laboral y Oportunidades<\/h4>\t\t\t\t<\/div>\n\t\t\t\t<\/div>\n\t\t\t\t<div class=\"elementor-element elementor-element-f2d21b3 elementor-widget elementor-widget-text-editor\" data-id=\"f2d21b3\" data-element_type=\"widget\" data-widget_type=\"text-editor.default\">\n\t\t\t\t<div class=\"elementor-widget-container\">\n\t\t\t\t\t\t\t\t\t<p data-start=\"208\" data-end=\"421\">Los egresados de <strong data-start=\"225\" data-end=\"247\">Educaci\u00f3n Primaria<\/strong> del <strong data-start=\"252\" data-end=\"275\">Instituto Santa Ana<\/strong>&nbsp;est\u00e1n preparados para desempe\u00f1arse en diversos contextos educativos, contribuyendo al desarrollo integral de ni\u00f1as y ni\u00f1os en la etapa escolar.<\/p>\n<ul>\n<li style=\"list-style-type: none;\">\n<ul data-start=\"423\" data-end=\"882\">\n<li data-start=\"487\" data-end=\"560\"><p data-start=\"489\" data-end=\"560\"><strong data-start=\"489\" data-end=\"509\">Docentes de aula<\/strong> en instituciones educativas p\u00fablicas y privadas.<\/p>\n<\/li>\n<li data-start=\"561\" data-end=\"658\">\n<p data-start=\"563\" data-end=\"658\"><strong data-start=\"563\" data-end=\"581\">Directores(as)<\/strong> o <strong data-start=\"584\" data-end=\"621\">coordinadores(as) pedag\u00f3gicos(as)<\/strong> en el nivel de educaci\u00f3n primaria.<\/p>\n<\/li>\n<li data-start=\"659\" data-end=\"769\">\n<p data-start=\"661\" data-end=\"769\"><strong data-start=\"661\" data-end=\"704\">Asesores(as) o especialistas educativos<\/strong> en planificaci\u00f3n, evaluaci\u00f3n y mejora de la calidad educativa.<\/p>\n<\/li>\n<li data-start=\"770\" data-end=\"855\">\n<p data-start=\"772\" data-end=\"855\"><strong data-start=\"772\" data-end=\"800\">Acompa\u00f1antes pedag\u00f3gicos<\/strong> en procesos de innovaci\u00f3n y fortalecimiento docente.<\/p>\n<\/li>\n<li data-start=\"856\" data-end=\"942\">\n<p data-start=\"858\" data-end=\"942\"><strong data-start=\"858\" data-end=\"914\">Elaboradores(as) de materiales y recursos did\u00e1cticos<\/strong> para la educaci\u00f3n b\u00e1sica.<\/p>\n<\/li>\n<li data-start=\"943\" data-end=\"1023\">\n<p data-start=\"945\" data-end=\"1023\"><strong data-start=\"945\" data-end=\"967\">Investigadores(as)<\/strong> en el campo de la ense\u00f1anza y el aprendizaje escolar.<\/p>\n<\/li>\n<li data-start=\"1024\" data-end=\"1097\">\n<p data-start=\"1026\" data-end=\"1097\"><strong data-start=\"1026\" data-end=\"1095\">Gestores(as) o promotores(as) de proyectos y empresas educativas.<\/strong><\/p>\n<\/li>\n<li data-start=\"1098\" data-end=\"1168\">\n<p data-start=\"1100\" data-end=\"1168\"><strong data-start=\"1100\" data-end=\"1121\">Capacitadores(as)<\/strong> en centros o programas de formaci\u00f3n docente.<\/p>\n<\/li>\n<li data-start=\"1169\" data-end=\"1268\">\n<p data-start=\"1171\" data-end=\"1268\"><strong data-start=\"1171\" data-end=\"1205\">Tutores(as) u orientadores(as)<\/strong> en el acompa\u00f1amiento acad\u00e9mico y formativo de los estudiantes.<\/p><\/li>\n<\/ul>\n<\/li>\n<\/ul>\t\t\t\t\t\t\t\t<\/div>\n\t\t\t\t<\/div>\n\t\t\t\t\t<\/div>\n\t\t\t\t<\/div>\n\t\t\t\t<\/div>\n\t\t","protected":false},"excerpt":{"rendered":"<p>Educaci\u00f3n Primaria El maestro de Educaci\u00f3n Primaria es formado para promover aprendizajes en los estudiantes de 6 a 12 a\u00f1os, aplicando enfoques educativos vigentes para lograr la equidad, inclusi\u00f3n e interculturalidad desde una perspectiva humanista. La especialidad de Educaci\u00f3n Primaria promueve el desarrollo de las habilidades l\u00f3gico-matem\u00e1ticas, comunicativas, art\u00edsticas, psicomotrices, cient\u00edficas, tecnol\u00f3gicas y desarrollo personal social con la finalidad de formar ni\u00f1os y ni\u00f1as que respondan a las demandas del contexto. Plan de estudios y malla curricular Duraci\u00f3n:\u00a010 semestres acad\u00e9micos presenciales N\u00b0 de cr\u00e9ditos:\u00a0220 T\u00edtulo Profesional a Nombre de la Naci\u00f3n: Profesor(a) de Educaci\u00f3n Primaria. \u00a0Cada ciclo se desarrolla en diecis\u00e9is (16) semanas, treinta (30) horas semanales, cuatrocientas ochenta (480) horas por ciclo y cuatro mil ochocientas horas de trabajo acad\u00e9mico (4800) en toda la trayectoria formativa. Descargar Plan de Estudios (PDF) Ver Malla Curricular (PDF) Campo Laboral y Oportunidades Los egresados de Educaci\u00f3n Primaria del Instituto Santa Ana&nbsp;est\u00e1n preparados para desempe\u00f1arse en diversos contextos educativos, contribuyendo al desarrollo integral de ni\u00f1as y ni\u00f1os en la etapa escolar. Docentes de aula en instituciones educativas p\u00fablicas y privadas. Directores(as) o coordinadores(as) pedag\u00f3gicos(as) en el nivel de educaci\u00f3n primaria. Asesores(as) o especialistas educativos en planificaci\u00f3n, evaluaci\u00f3n y mejora de la calidad educativa. Acompa\u00f1antes pedag\u00f3gicos en procesos de innovaci\u00f3n y fortalecimiento docente. Elaboradores(as) de materiales y recursos did\u00e1cticos para la educaci\u00f3n b\u00e1sica. Investigadores(as) en el campo de la ense\u00f1anza y el aprendizaje escolar. Gestores(as) o promotores(as) de proyectos y empresas educativas. Capacitadores(as) en centros o programas de formaci\u00f3n docente. Tutores(as) u orientadores(as) en el acompa\u00f1amiento acad\u00e9mico y formativo de los estudiantes.<\/p>\n","protected":false},"author":1,"featured_media":0,"parent":0,"menu_order":0,"comment_status":"closed","ping_status":"closed","template":"","meta":{"site-sidebar-layout":"no-sidebar","site-content-layout":"","ast-site-content-layout":"full-width-container","site-content-style":"default","site-sidebar-style":"default","ast-global-header-display":"","ast-banner-title-visibility":"","ast-main-header-display":"","ast-hfb-above-header-display":"","ast-hfb-below-header-display":"","ast-hfb-mobile-header-display":"","site-post-title":"disabled","ast-breadcrumbs-content":"","ast-featured-img":"disabled","footer-sml-layout":"","theme-transparent-header-meta":"","adv-header-id-meta":"","stick-header-meta":"","header-above-stick-meta":"","header-main-stick-meta":"","header-below-stick-meta":"","astra-migrate-meta-layouts":"default","ast-page-background-enabled":"default","ast-page-background-meta":{"desktop":{"background-color":"var(--ast-global-color-4)","background-image":"","background-repeat":"repeat","background-position":"center center","background-size":"auto","background-attachment":"scroll","background-type":"","background-media":"","overlay-type":"","overlay-color":"","overlay-opacity":"","overlay-gradient":""},"tablet":{"background-color":"","background-image":"","background-repeat":"repeat","background-position":"center center","background-size":"auto","background-attachment":"scroll","background-type":"","background-media":"","overlay-type":"","overlay-color":"","overlay-opacity":"","overlay-gradient":""},"mobile":{"background-color":"","background-image":"","background-repeat":"repeat","background-position":"center center","background-size":"auto","background-attachment":"scroll","background-type":"","background-media":"","overlay-type":"","overlay-color":"","overlay-opacity":"","overlay-gradient":""}},"ast-content-background-meta":{"desktop":{"background-color":"var(--ast-global-color-5)","background-image":"","background-repeat":"repeat","background-position":"center center","background-size":"auto","background-attachment":"scroll","background-type":"","background-media":"","overlay-type":"","overlay-color":"","overlay-opacity":"","overlay-gradient":""},"tablet":{"background-color":"var(--ast-global-color-5)","background-image":"","background-repeat":"repeat","background-position":"center center","background-size":"auto","background-attachment":"scroll","background-type":"","background-media":"","overlay-type":"","overlay-color":"","overlay-opacity":"","overlay-gradient":""},"mobile":{"background-color":"var(--ast-global-color-5)","background-image":"","background-repeat":"repeat","background-position":"center center","background-size":"auto","background-attachment":"scroll","background-type":"","background-media":"","overlay-type":"","overlay-color":"","overlay-opacity":"","overlay-gradient":""}},"footnotes":""},"class_list":["post-270","page","type-page","status-publish","hentry"],"_links":{"self":[{"href":"https:\/\/iesppsantaana.edu.pe\/index.php\/wp-json\/wp\/v2\/pages\/270","targetHints":{"allow":["GET"]}}],"collection":[{"href":"https:\/\/iesppsantaana.edu.pe\/index.php\/wp-json\/wp\/v2\/pages"}],"about":[{"href":"https:\/\/iesppsantaana.edu.pe\/index.php\/wp-json\/wp\/v2\/types\/page"}],"author":[{"embeddable":true,"href":"https:\/\/iesppsantaana.edu.pe\/index.php\/wp-json\/wp\/v2\/users\/1"}],"replies":[{"embeddable":true,"href":"https:\/\/iesppsantaana.edu.pe\/index.php\/wp-json\/wp\/v2\/comments?post=270"}],"version-history":[{"count":13,"href":"https:\/\/iesppsantaana.edu.pe\/index.php\/wp-json\/wp\/v2\/pages\/270\/revisions"}],"predecessor-version":[{"id":874,"href":"https:\/\/iesppsantaana.edu.pe\/index.php\/wp-json\/wp\/v2\/pages\/270\/revisions\/874"}],"wp:attachment":[{"href":"https:\/\/iesppsantaana.edu.pe\/index.php\/wp-json\/wp\/v2\/media?parent=270"}],"curies":[{"name":"wp","href":"https:\/\/api.w.org\/{rel}","templated":true}]}}