{"id":271,"date":"2025-09-15T19:05:44","date_gmt":"2025-09-16T00:05:44","guid":{"rendered":"https:\/\/iesppsantaana.edu.pe\/?page_id=271"},"modified":"2026-01-12T17:42:28","modified_gmt":"2026-01-12T22:42:28","slug":"educacion-fisica","status":"publish","type":"page","link":"https:\/\/iesppsantaana.edu.pe\/index.php\/educacion-fisica\/","title":{"rendered":"Educaci\u00f3n F\u00edsica"},"content":{"rendered":"\t\t<div data-elementor-type=\"wp-page\" data-elementor-id=\"271\" class=\"elementor elementor-271\" data-elementor-post-type=\"page\">\n\t\t\t\t<div class=\"elementor-element elementor-element-a54ac2a e-flex e-con-boxed wpr-particle-no wpr-jarallax-no wpr-parallax-no wpr-sticky-section-no e-con e-parent\" data-id=\"a54ac2a\" data-element_type=\"container\">\n\t\t\t\t\t<div class=\"e-con-inner\">\n\t\t\t\t<div class=\"elementor-element elementor-element-09889c7 elementor-widget elementor-widget-spacer\" data-id=\"09889c7\" data-element_type=\"widget\" data-widget_type=\"spacer.default\">\n\t\t\t\t<div class=\"elementor-widget-container\">\n\t\t\t\t\t\t\t<div class=\"elementor-spacer\">\n\t\t\t<div class=\"elementor-spacer-inner\"><\/div>\n\t\t<\/div>\n\t\t\t\t\t\t<\/div>\n\t\t\t\t<\/div>\n\t\t\t\t<div class=\"elementor-element elementor-element-6663859 elementor-widget elementor-widget-heading\" data-id=\"6663859\" data-element_type=\"widget\" data-widget_type=\"heading.default\">\n\t\t\t\t<div class=\"elementor-widget-container\">\n\t\t\t\t\t<h2 class=\"elementor-heading-title elementor-size-default\">Educaci\u00f3n F\u00edsica<\/h2>\t\t\t\t<\/div>\n\t\t\t\t<\/div>\n\t\t\t\t<div class=\"elementor-element elementor-element-3734a88 elementor-widget elementor-widget-text-editor\" data-id=\"3734a88\" data-element_type=\"widget\" data-widget_type=\"text-editor.default\">\n\t\t\t\t<div class=\"elementor-widget-container\">\n\t\t\t\t\t\t\t\t\t<p style=\"margin-bottom: 1rem; line-height: 1.8; color: #707070; font-family: Manrope, sans-serif; font-size: 16px; font-style: normal; font-weight: 400; letter-spacing: normal;\">La carrera de Educaci\u00f3n F\u00edsica forma docentes proactivos y de alta sensibilidad social orientando el proceso educativo a trav\u00e9s de la actividad f\u00edsica, incorporando nuevos enfoques pedag\u00f3gicos que se forman en el campo de la cultura f\u00edsica, desarrollando habilidades, destrezas y actitudes en el profesional de Educaci\u00f3n F\u00edsica.<\/p><p style=\"margin-bottom: 1rem; line-height: 1.8; color: #707070; font-family: Manrope, sans-serif; font-size: 16px; font-style: normal; font-weight: 400; letter-spacing: normal;\">Manteniendo una s\u00f3lida formaci\u00f3n docente y actualizada permanentemente y continua, en cuanto a las \u00e1reas de especifidad de su disciplina que le permiten tener \u00e9xito en los objetivos planteados, adem\u00e1s de tener los requerimientos de todos los niveles del sistema educativo, educaci\u00f3n no formal y de campo de la investigaci\u00f3n puestos de manifiesto en el ejercicio responsable de su rol.<\/p>\t\t\t\t\t\t\t\t<\/div>\n\t\t\t\t<\/div>\n\t\t\t\t<div class=\"elementor-element elementor-element-d2a53a3 elementor-widget elementor-widget-heading\" data-id=\"d2a53a3\" data-element_type=\"widget\" data-widget_type=\"heading.default\">\n\t\t\t\t<div class=\"elementor-widget-container\">\n\t\t\t\t\t<h4 class=\"elementor-heading-title elementor-size-default\">Plan de estudios y malla curricular<\/h4>\t\t\t\t<\/div>\n\t\t\t\t<\/div>\n\t\t\t\t<div class=\"elementor-element elementor-element-9ffcbc2 elementor-widget elementor-widget-text-editor\" data-id=\"9ffcbc2\" data-element_type=\"widget\" data-widget_type=\"text-editor.default\">\n\t\t\t\t<div class=\"elementor-widget-container\">\n\t\t\t\t\t\t\t\t\t<ul style=\"padding-left: 2rem; margin-top: 0px; margin-bottom: 1rem; color: #707070; font-family: Manrope, sans-serif; font-size: 16px; font-style: normal; font-weight: 400; letter-spacing: normal;\"><li><span style=\"font-weight: bolder;\">Duraci\u00f3n:<\/span>\u00a010 semestres acad\u00e9micos presenciales<\/li><li><span style=\"font-weight: bolder;\">N\u00b0 de cr\u00e9ditos:<\/span>\u00a0220<\/li><li><span style=\"font-weight: bolder;\">T\u00edtulo Profesional a Nombre de la Naci\u00f3n:<\/span>\u00a0Profesor(a) de Educaci\u00f3n F\u00edsica<\/li><\/ul><p style=\"margin-bottom: 1rem; line-height: 1.8; color: #707070; font-family: Manrope, sans-serif; font-size: 16px; font-style: normal; font-weight: 400; letter-spacing: normal;\">Cada ciclo se desarrolla en diecis\u00e9is (16) semanas, treinta (30) horas semanales, cuatrocientas ochenta (480) horas por ciclo y cuatro mil ochocientas horas de trabajo acad\u00e9mico (4800) en toda la trayectoria formativa.<\/p>\t\t\t\t\t\t\t\t<\/div>\n\t\t\t\t<\/div>\n\t\t\t\t<div class=\"elementor-element elementor-element-1473af4 elementor-align-center elementor-icon-list--layout-traditional elementor-list-item-link-full_width elementor-widget elementor-widget-icon-list\" data-id=\"1473af4\" data-element_type=\"widget\" data-widget_type=\"icon-list.default\">\n\t\t\t\t<div class=\"elementor-widget-container\">\n\t\t\t\t\t\t\t<ul class=\"elementor-icon-list-items\">\n\t\t\t\t\t\t\t<li class=\"elementor-icon-list-item\">\n\t\t\t\t\t\t\t\t\t\t\t<span class=\"elementor-icon-list-icon\">\n\t\t\t\t\t\t\t<svg aria-hidden=\"true\" class=\"e-font-icon-svg e-fas-file-pdf\" viewBox=\"0 0 384 512\" xmlns=\"http:\/\/www.w3.org\/2000\/svg\"><path d=\"M181.9 256.1c-5-16-4.9-46.9-2-46.9 8.4 0 7.6 36.9 2 46.9zm-1.7 47.2c-7.7 20.2-17.3 43.3-28.4 62.7 18.3-7 39-17.2 62.9-21.9-12.7-9.6-24.9-23.4-34.5-40.8zM86.1 428.1c0 .8 13.2-5.4 34.9-40.2-6.7 6.3-29.1 24.5-34.9 40.2zM248 160h136v328c0 13.3-10.7 24-24 24H24c-13.3 0-24-10.7-24-24V24C0 10.7 10.7 0 24 0h200v136c0 13.2 10.8 24 24 24zm-8 171.8c-20-12.2-33.3-29-42.7-53.8 4.5-18.5 11.6-46.6 6.2-64.2-4.7-29.4-42.4-26.5-47.8-6.8-5 18.3-.4 44.1 8.1 77-11.6 27.6-28.7 64.6-40.8 85.8-.1 0-.1.1-.2.1-27.1 13.9-73.6 44.5-54.5 68 5.6 6.9 16 10 21.5 10 17.9 0 35.7-18 61.1-61.8 25.8-8.5 54.1-19.1 79-23.2 21.7 11.8 47.1 19.5 64 19.5 29.2 0 31.2-32 19.7-43.4-13.9-13.6-54.3-9.7-73.6-7.2zM377 105L279 7c-4.5-4.5-10.6-7-17-7h-6v128h128v-6.1c0-6.3-2.5-12.4-7-16.9zm-74.1 255.3c4.1-2.7-2.5-11.9-42.8-9 37.1 15.8 42.8 9 42.8 9z\"><\/path><\/svg>\t\t\t\t\t\t<\/span>\n\t\t\t\t\t\t\t\t\t\t<span class=\"elementor-icon-list-text\">Descargar Plan de Estudios (PDF)<\/span>\n\t\t\t\t\t\t\t\t\t<\/li>\n\t\t\t\t\t\t\t\t<li class=\"elementor-icon-list-item\">\n\t\t\t\t\t\t\t\t\t\t\t<a href=\"https:\/\/iesppsantaana.edu.pe\/wp-content\/uploads\/2026\/01\/DCBN_Fisica_2020-1.pdf\">\n\n\t\t\t\t\t\t\t\t\t\t\t\t<span class=\"elementor-icon-list-icon\">\n\t\t\t\t\t\t\t<svg aria-hidden=\"true\" class=\"e-font-icon-svg e-fas-file-pdf\" viewBox=\"0 0 384 512\" xmlns=\"http:\/\/www.w3.org\/2000\/svg\"><path d=\"M181.9 256.1c-5-16-4.9-46.9-2-46.9 8.4 0 7.6 36.9 2 46.9zm-1.7 47.2c-7.7 20.2-17.3 43.3-28.4 62.7 18.3-7 39-17.2 62.9-21.9-12.7-9.6-24.9-23.4-34.5-40.8zM86.1 428.1c0 .8 13.2-5.4 34.9-40.2-6.7 6.3-29.1 24.5-34.9 40.2zM248 160h136v328c0 13.3-10.7 24-24 24H24c-13.3 0-24-10.7-24-24V24C0 10.7 10.7 0 24 0h200v136c0 13.2 10.8 24 24 24zm-8 171.8c-20-12.2-33.3-29-42.7-53.8 4.5-18.5 11.6-46.6 6.2-64.2-4.7-29.4-42.4-26.5-47.8-6.8-5 18.3-.4 44.1 8.1 77-11.6 27.6-28.7 64.6-40.8 85.8-.1 0-.1.1-.2.1-27.1 13.9-73.6 44.5-54.5 68 5.6 6.9 16 10 21.5 10 17.9 0 35.7-18 61.1-61.8 25.8-8.5 54.1-19.1 79-23.2 21.7 11.8 47.1 19.5 64 19.5 29.2 0 31.2-32 19.7-43.4-13.9-13.6-54.3-9.7-73.6-7.2zM377 105L279 7c-4.5-4.5-10.6-7-17-7h-6v128h128v-6.1c0-6.3-2.5-12.4-7-16.9zm-74.1 255.3c4.1-2.7-2.5-11.9-42.8-9 37.1 15.8 42.8 9 42.8 9z\"><\/path><\/svg>\t\t\t\t\t\t<\/span>\n\t\t\t\t\t\t\t\t\t\t<span class=\"elementor-icon-list-text\">Ver Malla Curricular (PDF)<\/span>\n\t\t\t\t\t\t\t\t\t\t\t<\/a>\n\t\t\t\t\t\t\t\t\t<\/li>\n\t\t\t\t\t\t<\/ul>\n\t\t\t\t\t\t<\/div>\n\t\t\t\t<\/div>\n\t\t\t\t<div class=\"elementor-element elementor-element-0ffbd18 elementor-widget elementor-widget-heading\" data-id=\"0ffbd18\" data-element_type=\"widget\" data-widget_type=\"heading.default\">\n\t\t\t\t<div class=\"elementor-widget-container\">\n\t\t\t\t\t<h4 class=\"elementor-heading-title elementor-size-default\">Campo Laboral y Oportunidades<\/h4>\t\t\t\t<\/div>\n\t\t\t\t<\/div>\n\t\t\t\t<div class=\"elementor-element elementor-element-7904918 elementor-widget elementor-widget-text-editor\" data-id=\"7904918\" data-element_type=\"widget\" data-widget_type=\"text-editor.default\">\n\t\t\t\t<div class=\"elementor-widget-container\">\n\t\t\t\t\t\t\t\t\t<p style=\"margin-bottom: 1rem; line-height: 1.8; color: rgb(112, 112, 112); font-family: Manrope, sans-serif; font-size: 16px; font-style: normal; font-weight: 400; letter-spacing: normal;\">Nuestros profesionales en la carrera de educaci\u00f3n superior en la especialidad de Educacion Fisica se desempe\u00f1an en las siguientes \u00e1reas como:<\/p>\n<ul style=\"padding-left: 2rem; margin-top: 0px; margin-bottom: 1rem; color: rgb(112, 112, 112); font-family: Manrope, sans-serif; font-size: 16px; font-style: normal; font-weight: 400; letter-spacing: normal;\">\n<li data-start=\"408\" data-end=\"493\"><p data-start=\"410\" data-end=\"493\"><strong data-start=\"410\" data-end=\"442\">Docentes de Educaci\u00f3n F\u00edsica<\/strong> en instituciones educativas p\u00fablicas y privadas.<\/p>\n<\/li>\n<li data-start=\"494\" data-end=\"634\">\n<p data-start=\"496\" data-end=\"634\"><strong data-start=\"496\" data-end=\"531\">Entrenadores(as) deportivos(as)<\/strong> y <strong data-start=\"534\" data-end=\"555\">personal trainers<\/strong> en clubes, asociaciones, federaciones y centros de acondicionamiento f\u00edsico.<\/p>\n<\/li>\n<li data-start=\"635\" data-end=\"716\">\n<p data-start=\"637\" data-end=\"716\"><strong data-start=\"637\" data-end=\"673\">Instructores(as) o monitores(as)<\/strong> en disciplinas deportivas y recreativas.<\/p>\n<\/li>\n<li data-start=\"717\" data-end=\"811\">\n<p data-start=\"719\" data-end=\"811\"><strong data-start=\"719\" data-end=\"740\">Coordinadores(as)<\/strong> o <strong data-start=\"743\" data-end=\"759\">gestores(as)<\/strong> de proyectos y programas de desarrollo deportivo.<\/p>\n<\/li>\n<li data-start=\"812\" data-end=\"898\">\n<p data-start=\"814\" data-end=\"898\"><strong data-start=\"814\" data-end=\"835\">Emprendedores(as)<\/strong> en la creaci\u00f3n y gesti\u00f3n de empresas o servicios deportivos.<\/p>\n<\/li>\n<li data-start=\"899\" data-end=\"1001\">\n<p data-start=\"901\" data-end=\"1001\"><strong data-start=\"901\" data-end=\"929\">Especialistas educativos<\/strong> y <strong data-start=\"932\" data-end=\"960\">acompa\u00f1antes pedag\u00f3gicos<\/strong> en el \u00e1mbito de la formaci\u00f3n integral.<\/p>\n<\/li>\n<li data-start=\"1002\" data-end=\"1078\">\n<p data-start=\"1004\" data-end=\"1078\"><strong data-start=\"1004\" data-end=\"1025\">Capacitadores(as)<\/strong> en programas de actualizaci\u00f3n docente o deportiva.<\/p>\n<\/li>\n<li data-start=\"1079\" data-end=\"1156\">\n<p data-start=\"1081\" data-end=\"1156\"><strong data-start=\"1081\" data-end=\"1103\">Investigadores(as)<\/strong> en el \u00e1rea de educaci\u00f3n f\u00edsica, salud y bienestar.<\/p><\/li>\n<\/ul>\t\t\t\t\t\t\t\t<\/div>\n\t\t\t\t<\/div>\n\t\t\t\t\t<\/div>\n\t\t\t\t<\/div>\n\t\t\t\t<\/div>\n\t\t","protected":false},"excerpt":{"rendered":"<p>Educaci\u00f3n F\u00edsica La carrera de Educaci\u00f3n F\u00edsica forma docentes proactivos y de alta sensibilidad social orientando el proceso educativo a trav\u00e9s de la actividad f\u00edsica, incorporando nuevos enfoques pedag\u00f3gicos que se forman en el campo de la cultura f\u00edsica, desarrollando habilidades, destrezas y actitudes en el profesional de Educaci\u00f3n F\u00edsica. Manteniendo una s\u00f3lida formaci\u00f3n docente y actualizada permanentemente y continua, en cuanto a las \u00e1reas de especifidad de su disciplina que le permiten tener \u00e9xito en los objetivos planteados, adem\u00e1s de tener los requerimientos de todos los niveles del sistema educativo, educaci\u00f3n no formal y de campo de la investigaci\u00f3n puestos de manifiesto en el ejercicio responsable de su rol. Plan de estudios y malla curricular Duraci\u00f3n:\u00a010 semestres acad\u00e9micos presenciales N\u00b0 de cr\u00e9ditos:\u00a0220 T\u00edtulo Profesional a Nombre de la Naci\u00f3n:\u00a0Profesor(a) de Educaci\u00f3n F\u00edsica Cada ciclo se desarrolla en diecis\u00e9is (16) semanas, treinta (30) horas semanales, cuatrocientas ochenta (480) horas por ciclo y cuatro mil ochocientas horas de trabajo acad\u00e9mico (4800) en toda la trayectoria formativa. Descargar Plan de Estudios (PDF) Ver Malla Curricular (PDF) Campo Laboral y Oportunidades Nuestros profesionales en la carrera de educaci\u00f3n superior en la especialidad de Educacion Fisica se desempe\u00f1an en las siguientes \u00e1reas como: Docentes de Educaci\u00f3n F\u00edsica en instituciones educativas p\u00fablicas y privadas. Entrenadores(as) deportivos(as) y personal trainers en clubes, asociaciones, federaciones y centros de acondicionamiento f\u00edsico. Instructores(as) o monitores(as) en disciplinas deportivas y recreativas. Coordinadores(as) o gestores(as) de proyectos y programas de desarrollo deportivo. Emprendedores(as) en la creaci\u00f3n y gesti\u00f3n de empresas o servicios deportivos. Especialistas educativos y acompa\u00f1antes pedag\u00f3gicos en el \u00e1mbito de la formaci\u00f3n integral. Capacitadores(as) en programas de actualizaci\u00f3n docente o deportiva. Investigadores(as) en el \u00e1rea de educaci\u00f3n f\u00edsica, salud y bienestar.<\/p>\n","protected":false},"author":1,"featured_media":0,"parent":0,"menu_order":0,"comment_status":"closed","ping_status":"closed","template":"","meta":{"site-sidebar-layout":"no-sidebar","site-content-layout":"","ast-site-content-layout":"full-width-container","site-content-style":"default","site-sidebar-style":"default","ast-global-header-display":"","ast-banner-title-visibility":"","ast-main-header-display":"","ast-hfb-above-header-display":"","ast-hfb-below-header-display":"","ast-hfb-mobile-header-display":"","site-post-title":"disabled","ast-breadcrumbs-content":"","ast-featured-img":"disabled","footer-sml-layout":"","theme-transparent-header-meta":"","adv-header-id-meta":"","stick-header-meta":"","header-above-stick-meta":"","header-main-stick-meta":"","header-below-stick-meta":"","astra-migrate-meta-layouts":"default","ast-page-background-enabled":"default","ast-page-background-meta":{"desktop":{"background-color":"var(--ast-global-color-4)","background-image":"","background-repeat":"repeat","background-position":"center center","background-size":"auto","background-attachment":"scroll","background-type":"","background-media":"","overlay-type":"","overlay-color":"","overlay-opacity":"","overlay-gradient":""},"tablet":{"background-color":"","background-image":"","background-repeat":"repeat","background-position":"center center","background-size":"auto","background-attachment":"scroll","background-type":"","background-media":"","overlay-type":"","overlay-color":"","overlay-opacity":"","overlay-gradient":""},"mobile":{"background-color":"","background-image":"","background-repeat":"repeat","background-position":"center center","background-size":"auto","background-attachment":"scroll","background-type":"","background-media":"","overlay-type":"","overlay-color":"","overlay-opacity":"","overlay-gradient":""}},"ast-content-background-meta":{"desktop":{"background-color":"var(--ast-global-color-5)","background-image":"","background-repeat":"repeat","background-position":"center center","background-size":"auto","background-attachment":"scroll","background-type":"","background-media":"","overlay-type":"","overlay-color":"","overlay-opacity":"","overlay-gradient":""},"tablet":{"background-color":"var(--ast-global-color-5)","background-image":"","background-repeat":"repeat","background-position":"center center","background-size":"auto","background-attachment":"scroll","background-type":"","background-media":"","overlay-type":"","overlay-color":"","overlay-opacity":"","overlay-gradient":""},"mobile":{"background-color":"var(--ast-global-color-5)","background-image":"","background-repeat":"repeat","background-position":"center center","background-size":"auto","background-attachment":"scroll","background-type":"","background-media":"","overlay-type":"","overlay-color":"","overlay-opacity":"","overlay-gradient":""}},"footnotes":""},"class_list":["post-271","page","type-page","status-publish","hentry"],"_links":{"self":[{"href":"https:\/\/iesppsantaana.edu.pe\/index.php\/wp-json\/wp\/v2\/pages\/271","targetHints":{"allow":["GET"]}}],"collection":[{"href":"https:\/\/iesppsantaana.edu.pe\/index.php\/wp-json\/wp\/v2\/pages"}],"about":[{"href":"https:\/\/iesppsantaana.edu.pe\/index.php\/wp-json\/wp\/v2\/types\/page"}],"author":[{"embeddable":true,"href":"https:\/\/iesppsantaana.edu.pe\/index.php\/wp-json\/wp\/v2\/users\/1"}],"replies":[{"embeddable":true,"href":"https:\/\/iesppsantaana.edu.pe\/index.php\/wp-json\/wp\/v2\/comments?post=271"}],"version-history":[{"count":10,"href":"https:\/\/iesppsantaana.edu.pe\/index.php\/wp-json\/wp\/v2\/pages\/271\/revisions"}],"predecessor-version":[{"id":877,"href":"https:\/\/iesppsantaana.edu.pe\/index.php\/wp-json\/wp\/v2\/pages\/271\/revisions\/877"}],"wp:attachment":[{"href":"https:\/\/iesppsantaana.edu.pe\/index.php\/wp-json\/wp\/v2\/media?parent=271"}],"curies":[{"name":"wp","href":"https:\/\/api.w.org\/{rel}","templated":true}]}}