{"id":277,"date":"2025-09-15T19:05:44","date_gmt":"2025-09-16T00:05:44","guid":{"rendered":"https:\/\/iesppsantaana.edu.pe\/?page_id=277"},"modified":"2025-11-06T18:23:26","modified_gmt":"2025-11-06T23:23:26","slug":"matricula","status":"publish","type":"page","link":"https:\/\/iesppsantaana.edu.pe\/index.php\/matricula\/","title":{"rendered":"Matr\u00edcula"},"content":{"rendered":"\t\t<div data-elementor-type=\"wp-page\" data-elementor-id=\"277\" class=\"elementor elementor-277\" data-elementor-post-type=\"page\">\n\t\t\t\t<div class=\"elementor-element elementor-element-1ae7fa7 e-flex e-con-boxed wpr-particle-no wpr-jarallax-no wpr-parallax-no wpr-sticky-section-no e-con e-parent\" data-id=\"1ae7fa7\" data-element_type=\"container\" data-settings=\"{&quot;background_background&quot;:&quot;gradient&quot;}\">\n\t\t\t\t\t<div class=\"e-con-inner\">\n\t\t\t\t<div class=\"elementor-element elementor-element-b556868 elementor-widget elementor-widget-spacer\" data-id=\"b556868\" data-element_type=\"widget\" data-widget_type=\"spacer.default\">\n\t\t\t\t<div class=\"elementor-widget-container\">\n\t\t\t\t\t\t\t<div class=\"elementor-spacer\">\n\t\t\t<div class=\"elementor-spacer-inner\"><\/div>\n\t\t<\/div>\n\t\t\t\t\t\t<\/div>\n\t\t\t\t<\/div>\n\t\t\t\t<div class=\"elementor-element elementor-element-784eb77 elementor-widget elementor-widget-heading\" data-id=\"784eb77\" data-element_type=\"widget\" data-widget_type=\"heading.default\">\n\t\t\t\t<div class=\"elementor-widget-container\">\n\t\t\t\t\t<h3 class=\"elementor-heading-title elementor-size-default\">Matr\u00edcula<\/h3>\t\t\t\t<\/div>\n\t\t\t\t<\/div>\n\t\t\t\t<div class=\"elementor-element elementor-element-3dbebf0 elementor-widget elementor-widget-spacer\" data-id=\"3dbebf0\" data-element_type=\"widget\" data-widget_type=\"spacer.default\">\n\t\t\t\t<div class=\"elementor-widget-container\">\n\t\t\t\t\t\t\t<div class=\"elementor-spacer\">\n\t\t\t<div class=\"elementor-spacer-inner\"><\/div>\n\t\t<\/div>\n\t\t\t\t\t\t<\/div>\n\t\t\t\t<\/div>\n\t\t\t\t<div class=\"elementor-element elementor-element-ceb1fac elementor-widget elementor-widget-heading\" data-id=\"ceb1fac\" data-element_type=\"widget\" data-widget_type=\"heading.default\">\n\t\t\t\t<div class=\"elementor-widget-container\">\n\t\t\t\t\t<h5 class=\"elementor-heading-title elementor-size-default\">Requisitos de matr\u00edcula del primer (I) Ciclo:<\/h5>\t\t\t\t<\/div>\n\t\t\t\t<\/div>\n\t\t\t\t<div class=\"elementor-element elementor-element-e1a911a elementor-widget elementor-widget-text-editor\" data-id=\"e1a911a\" data-element_type=\"widget\" data-widget_type=\"text-editor.default\">\n\t\t\t\t<div class=\"elementor-widget-container\">\n\t\t\t\t\t\t\t\t\t<ul class=\"cont-4\"><li>Aprobar el examen de ingreso.<\/li><li>Llenar la ficha de matr\u00edcula establecida por la instituci\u00f3n.<\/li><li>Llenar la ficha Socioecon\u00f3mica<\/li><li>Presentar el Certificado de Estudios que acredite haber concluido la Educaci\u00f3n B\u00e1sica, si dicho certificado no fue presentado durante el proceso de admisi\u00f3n.<\/li><\/ul>\t\t\t\t\t\t\t\t<\/div>\n\t\t\t\t<\/div>\n\t\t\t\t<div class=\"elementor-element elementor-element-5107838 elementor-widget elementor-widget-heading\" data-id=\"5107838\" data-element_type=\"widget\" data-widget_type=\"heading.default\">\n\t\t\t\t<div class=\"elementor-widget-container\">\n\t\t\t\t\t<h5 class=\"elementor-heading-title elementor-size-default\">Requisitos matr\u00edcula del segundo (II) al s\u00e9ptimo (VII) ciclo<\/h5>\t\t\t\t<\/div>\n\t\t\t\t<\/div>\n\t\t\t\t<div class=\"elementor-element elementor-element-a988f3f elementor-widget elementor-widget-text-editor\" data-id=\"a988f3f\" data-element_type=\"widget\" data-widget_type=\"text-editor.default\">\n\t\t\t\t<div class=\"elementor-widget-container\">\n\t\t\t\t\t\t\t\t\t<p>Es requisito para la matr\u00edcula para los estudiantes del segundo (II) al s\u00e9ptimo (VII) ciclo acad\u00e9mico:<\/p><ul class=\"cont-4\"><li>Haber aprobado como m\u00ednimo el setenta y cinco por ciento (75 %) de los cr\u00e9ditos del ciclo inmediato anterior.<\/li><li>\u00a0No tener ninguna deuda con la ESCUELA (libros, materiales de lectura, pensiones).<\/li><\/ul>\t\t\t\t\t\t\t\t<\/div>\n\t\t\t\t<\/div>\n\t\t\t\t<div class=\"elementor-element elementor-element-c837776 elementor-widget elementor-widget-heading\" data-id=\"c837776\" data-element_type=\"widget\" data-widget_type=\"heading.default\">\n\t\t\t\t<div class=\"elementor-widget-container\">\n\t\t\t\t\t<h5 class=\"elementor-heading-title elementor-size-default\">Matr\u00edcula para los estudiantes del VIII al X ciclo acad\u00e9mico:<\/h5>\t\t\t\t<\/div>\n\t\t\t\t<\/div>\n\t\t\t\t<div class=\"elementor-element elementor-element-d2122ba elementor-widget elementor-widget-text-editor\" data-id=\"d2122ba\" data-element_type=\"widget\" data-widget_type=\"text-editor.default\">\n\t\t\t\t<div class=\"elementor-widget-container\">\n\t\t\t\t\t\t\t\t\t<ul class=\"cont-4\"><li>Es requisito de matr\u00edcula haber aprobado el cien por ciento (100 %) de cr\u00e9ditos del ciclo inmediato anterior.<\/li><li>No tener ninguna deuda con la ESCUELA (libros, materiales de lectura, pensiones).<\/li><\/ul>\t\t\t\t\t\t\t\t<\/div>\n\t\t\t\t<\/div>\n\t\t\t\t<div class=\"elementor-element elementor-element-a31c6df elementor-widget elementor-widget-spacer\" data-id=\"a31c6df\" data-element_type=\"widget\" data-widget_type=\"spacer.default\">\n\t\t\t\t<div class=\"elementor-widget-container\">\n\t\t\t\t\t\t\t<div class=\"elementor-spacer\">\n\t\t\t<div class=\"elementor-spacer-inner\"><\/div>\n\t\t<\/div>\n\t\t\t\t\t\t<\/div>\n\t\t\t\t<\/div>\n\t\t\t\t\t<\/div>\n\t\t\t\t<\/div>\n\t\t<div class=\"elementor-element elementor-element-8d6f22f e-flex e-con-boxed wpr-particle-no wpr-jarallax-no wpr-parallax-no wpr-sticky-section-no e-con e-parent\" data-id=\"8d6f22f\" data-element_type=\"container\" data-settings=\"{&quot;background_background&quot;:&quot;classic&quot;}\">\n\t\t\t\t\t<div class=\"e-con-inner\">\n\t\t\t\t<div class=\"elementor-element elementor-element-f48b8b2 elementor-widget elementor-widget-spacer\" data-id=\"f48b8b2\" data-element_type=\"widget\" data-widget_type=\"spacer.default\">\n\t\t\t\t<div class=\"elementor-widget-container\">\n\t\t\t\t\t\t\t<div class=\"elementor-spacer\">\n\t\t\t<div class=\"elementor-spacer-inner\"><\/div>\n\t\t<\/div>\n\t\t\t\t\t\t<\/div>\n\t\t\t\t<\/div>\n\t\t\t\t<div class=\"elementor-element elementor-element-8c5d9fe elementor-widget elementor-widget-heading\" data-id=\"8c5d9fe\" data-element_type=\"widget\" data-widget_type=\"heading.default\">\n\t\t\t\t<div class=\"elementor-widget-container\">\n\t\t\t\t\t<h3 class=\"elementor-heading-title elementor-size-default\">Reserva de Matr\u00edcula<\/h3>\t\t\t\t<\/div>\n\t\t\t\t<\/div>\n\t\t\t\t<div class=\"elementor-element elementor-element-ea7c4f2 elementor-widget elementor-widget-spacer\" data-id=\"ea7c4f2\" data-element_type=\"widget\" data-widget_type=\"spacer.default\">\n\t\t\t\t<div class=\"elementor-widget-container\">\n\t\t\t\t\t\t\t<div class=\"elementor-spacer\">\n\t\t\t<div class=\"elementor-spacer-inner\"><\/div>\n\t\t<\/div>\n\t\t\t\t\t\t<\/div>\n\t\t\t\t<\/div>\n\t\t\t\t<div class=\"elementor-element elementor-element-490c39c elementor-widget elementor-widget-text-editor\" data-id=\"490c39c\" data-element_type=\"widget\" data-widget_type=\"text-editor.default\">\n\t\t\t\t<div class=\"elementor-widget-container\">\n\t\t\t\t\t\t\t\t\t<p>A solicitud del estudiante, el IESPP puede reservar su matr\u00edcula antes de iniciar el ciclo acad\u00e9mico. Para tal efecto, se requiere presentar la solicitud dirigida al Director General, debiendo resolver mediante resoluci\u00f3n antes de finalizado el proceso de matr\u00edcula.<\/p><p>El estudiante del IESPP que no se matricule dentro de los veinte (20) d\u00edas h\u00e1biles siguientes de iniciado el proceso de matr\u00edcula y no realice la reserva de esta, pierde su condici\u00f3n de estudiante. Para retomar sus estudios debe postular al PE y obtener una vacante, pudiendo solicitar la convalidaci\u00f3n de los estudios realizados.<\/p>\t\t\t\t\t\t\t\t<\/div>\n\t\t\t\t<\/div>\n\t\t\t\t<div class=\"elementor-element elementor-element-281adde elementor-widget elementor-widget-spacer\" data-id=\"281adde\" data-element_type=\"widget\" data-widget_type=\"spacer.default\">\n\t\t\t\t<div class=\"elementor-widget-container\">\n\t\t\t\t\t\t\t<div class=\"elementor-spacer\">\n\t\t\t<div class=\"elementor-spacer-inner\"><\/div>\n\t\t<\/div>\n\t\t\t\t\t\t<\/div>\n\t\t\t\t<\/div>\n\t\t\t\t\t<\/div>\n\t\t\t\t<\/div>\n\t\t<div class=\"elementor-element elementor-element-ec6819c e-flex e-con-boxed wpr-particle-no wpr-jarallax-no wpr-parallax-no wpr-sticky-section-no e-con e-parent\" data-id=\"ec6819c\" data-element_type=\"container\" data-settings=\"{&quot;background_background&quot;:&quot;gradient&quot;}\">\n\t\t\t\t\t<div class=\"e-con-inner\">\n\t\t\t\t<div class=\"elementor-element elementor-element-705d8f7 elementor-widget elementor-widget-spacer\" data-id=\"705d8f7\" data-element_type=\"widget\" data-widget_type=\"spacer.default\">\n\t\t\t\t<div class=\"elementor-widget-container\">\n\t\t\t\t\t\t\t<div class=\"elementor-spacer\">\n\t\t\t<div class=\"elementor-spacer-inner\"><\/div>\n\t\t<\/div>\n\t\t\t\t\t\t<\/div>\n\t\t\t\t<\/div>\n\t\t\t\t<div class=\"elementor-element elementor-element-f3af2cd elementor-widget elementor-widget-heading\" data-id=\"f3af2cd\" data-element_type=\"widget\" data-widget_type=\"heading.default\">\n\t\t\t\t<div class=\"elementor-widget-container\">\n\t\t\t\t\t<h3 class=\"elementor-heading-title elementor-size-default\">Proceso de Matr\u00edcula<\/h3>\t\t\t\t<\/div>\n\t\t\t\t<\/div>\n\t\t\t\t<div class=\"elementor-element elementor-element-10b9cb2 elementor-widget elementor-widget-spacer\" data-id=\"10b9cb2\" data-element_type=\"widget\" data-widget_type=\"spacer.default\">\n\t\t\t\t<div class=\"elementor-widget-container\">\n\t\t\t\t\t\t\t<div class=\"elementor-spacer\">\n\t\t\t<div class=\"elementor-spacer-inner\"><\/div>\n\t\t<\/div>\n\t\t\t\t\t\t<\/div>\n\t\t\t\t<\/div>\n\t\t\t\t<div class=\"elementor-element elementor-element-23b4ef8 elementor-widget elementor-widget-text-editor\" data-id=\"23b4ef8\" data-element_type=\"widget\" data-widget_type=\"text-editor.default\">\n\t\t\t\t<div class=\"elementor-widget-container\">\n\t\t\t\t\t\t\t\t\t<p><b>Para matricularte en el IESPP SANTA ANA debe ingresar al siguiente enlace:<\/b><\/p>\t\t\t\t\t\t\t\t<\/div>\n\t\t\t\t<\/div>\n\t\t\t\t<div class=\"elementor-element elementor-element-dc9622b elementor-align-center elementor-widget elementor-widget-button\" data-id=\"dc9622b\" data-element_type=\"widget\" data-widget_type=\"button.default\">\n\t\t\t\t<div class=\"elementor-widget-container\">\n\t\t\t\t\t\t\t\t\t<div class=\"elementor-button-wrapper\">\n\t\t\t\t\t<a class=\"elementor-button elementor-button-link elementor-size-sm\" href=\"https:\/\/campussantaana.org\/payments\/v_matricula_registro\/index.php\">\n\t\t\t\t\t\t<span class=\"elementor-button-content-wrapper\">\n\t\t\t\t\t\t\t\t\t<span class=\"elementor-button-text\">Haz clic aqu\u00ed<\/span>\n\t\t\t\t\t<\/span>\n\t\t\t\t\t<\/a>\n\t\t\t\t<\/div>\n\t\t\t\t\t\t\t\t<\/div>\n\t\t\t\t<\/div>\n\t\t\t\t<div class=\"elementor-element elementor-element-87f15be elementor-widget elementor-widget-text-editor\" data-id=\"87f15be\" data-element_type=\"widget\" data-widget_type=\"text-editor.default\">\n\t\t\t\t<div class=\"elementor-widget-container\">\n\t\t\t\t\t\t\t\t\t<p>Pasos:<\/p><ol><li>Ingrese su n\u00famero de DNI<\/li><li>Aceptar los t\u00e9rminos de la matr\u00edcula.<\/li><li>Actualizar su ficha de datos<\/li><li>Registrar Matr\u00edcula \u2013 Seleccionar ciclo<\/li><li>Pagar su derecho de matr\u00edcula en Jefatura de Administraci\u00f3n<\/li><\/ol>\t\t\t\t\t\t\t\t<\/div>\n\t\t\t\t<\/div>\n\t\t\t\t<div class=\"elementor-element elementor-element-335ffa0 elementor-widget elementor-widget-spacer\" data-id=\"335ffa0\" data-element_type=\"widget\" data-widget_type=\"spacer.default\">\n\t\t\t\t<div class=\"elementor-widget-container\">\n\t\t\t\t\t\t\t<div class=\"elementor-spacer\">\n\t\t\t<div class=\"elementor-spacer-inner\"><\/div>\n\t\t<\/div>\n\t\t\t\t\t\t<\/div>\n\t\t\t\t<\/div>\n\t\t\t\t\t<\/div>\n\t\t\t\t<\/div>\n\t\t\t\t<\/div>\n\t\t","protected":false},"excerpt":{"rendered":"<p>Matr\u00edcula Requisitos de matr\u00edcula del primer (I) Ciclo: Aprobar el examen de ingreso. Llenar la ficha de matr\u00edcula establecida por la instituci\u00f3n. Llenar la ficha Socioecon\u00f3mica Presentar el Certificado de Estudios que acredite haber concluido la Educaci\u00f3n B\u00e1sica, si dicho certificado no fue presentado durante el proceso de admisi\u00f3n. Requisitos matr\u00edcula del segundo (II) al s\u00e9ptimo (VII) ciclo Es requisito para la matr\u00edcula para los estudiantes del segundo (II) al s\u00e9ptimo (VII) ciclo acad\u00e9mico: Haber aprobado como m\u00ednimo el setenta y cinco por ciento (75 %) de los cr\u00e9ditos del ciclo inmediato anterior. \u00a0No tener ninguna deuda con la ESCUELA (libros, materiales de lectura, pensiones). Matr\u00edcula para los estudiantes del VIII al X ciclo acad\u00e9mico: Es requisito de matr\u00edcula haber aprobado el cien por ciento (100 %) de cr\u00e9ditos del ciclo inmediato anterior. No tener ninguna deuda con la ESCUELA (libros, materiales de lectura, pensiones). Reserva de Matr\u00edcula A solicitud del estudiante, el IESPP puede reservar su matr\u00edcula antes de iniciar el ciclo acad\u00e9mico. Para tal efecto, se requiere presentar la solicitud dirigida al Director General, debiendo resolver mediante resoluci\u00f3n antes de finalizado el proceso de matr\u00edcula. El estudiante del IESPP que no se matricule dentro de los veinte (20) d\u00edas h\u00e1biles siguientes de iniciado el proceso de matr\u00edcula y no realice la reserva de esta, pierde su condici\u00f3n de estudiante. Para retomar sus estudios debe postular al PE y obtener una vacante, pudiendo solicitar la convalidaci\u00f3n de los estudios realizados. Proceso de Matr\u00edcula Para matricularte en el IESPP SANTA ANA debe ingresar al siguiente enlace: Haz clic aqu\u00ed Pasos: Ingrese su n\u00famero de DNI Aceptar los t\u00e9rminos de la matr\u00edcula. Actualizar su ficha de datos Registrar Matr\u00edcula \u2013 Seleccionar ciclo Pagar su derecho de matr\u00edcula en Jefatura de Administraci\u00f3n<\/p>\n","protected":false},"author":1,"featured_media":0,"parent":0,"menu_order":0,"comment_status":"closed","ping_status":"closed","template":"","meta":{"site-sidebar-layout":"no-sidebar","site-content-layout":"","ast-site-content-layout":"full-width-container","site-content-style":"default","site-sidebar-style":"default","ast-global-header-display":"","ast-banner-title-visibility":"","ast-main-header-display":"","ast-hfb-above-header-display":"","ast-hfb-below-header-display":"","ast-hfb-mobile-header-display":"","site-post-title":"disabled","ast-breadcrumbs-content":"","ast-featured-img":"disabled","footer-sml-layout":"","theme-transparent-header-meta":"","adv-header-id-meta":"","stick-header-meta":"","header-above-stick-meta":"","header-main-stick-meta":"","header-below-stick-meta":"","astra-migrate-meta-layouts":"default","ast-page-background-enabled":"default","ast-page-background-meta":{"desktop":{"background-color":"var(--ast-global-color-4)","background-image":"","background-repeat":"repeat","background-position":"center center","background-size":"auto","background-attachment":"scroll","background-type":"","background-media":"","overlay-type":"","overlay-color":"","overlay-opacity":"","overlay-gradient":""},"tablet":{"background-color":"","background-image":"","background-repeat":"repeat","background-position":"center center","background-size":"auto","background-attachment":"scroll","background-type":"","background-media":"","overlay-type":"","overlay-color":"","overlay-opacity":"","overlay-gradient":""},"mobile":{"background-color":"","background-image":"","background-repeat":"repeat","background-position":"center center","background-size":"auto","background-attachment":"scroll","background-type":"","background-media":"","overlay-type":"","overlay-color":"","overlay-opacity":"","overlay-gradient":""}},"ast-content-background-meta":{"desktop":{"background-color":"var(--ast-global-color-5)","background-image":"","background-repeat":"repeat","background-position":"center center","background-size":"auto","background-attachment":"scroll","background-type":"","background-media":"","overlay-type":"","overlay-color":"","overlay-opacity":"","overlay-gradient":""},"tablet":{"background-color":"var(--ast-global-color-5)","background-image":"","background-repeat":"repeat","background-position":"center center","background-size":"auto","background-attachment":"scroll","background-type":"","background-media":"","overlay-type":"","overlay-color":"","overlay-opacity":"","overlay-gradient":""},"mobile":{"background-color":"var(--ast-global-color-5)","background-image":"","background-repeat":"repeat","background-position":"center center","background-size":"auto","background-attachment":"scroll","background-type":"","background-media":"","overlay-type":"","overlay-color":"","overlay-opacity":"","overlay-gradient":""}},"footnotes":""},"class_list":["post-277","page","type-page","status-publish","hentry"],"_links":{"self":[{"href":"https:\/\/iesppsantaana.edu.pe\/index.php\/wp-json\/wp\/v2\/pages\/277","targetHints":{"allow":["GET"]}}],"collection":[{"href":"https:\/\/iesppsantaana.edu.pe\/index.php\/wp-json\/wp\/v2\/pages"}],"about":[{"href":"https:\/\/iesppsantaana.edu.pe\/index.php\/wp-json\/wp\/v2\/types\/page"}],"author":[{"embeddable":true,"href":"https:\/\/iesppsantaana.edu.pe\/index.php\/wp-json\/wp\/v2\/users\/1"}],"replies":[{"embeddable":true,"href":"https:\/\/iesppsantaana.edu.pe\/index.php\/wp-json\/wp\/v2\/comments?post=277"}],"version-history":[{"count":10,"href":"https:\/\/iesppsantaana.edu.pe\/index.php\/wp-json\/wp\/v2\/pages\/277\/revisions"}],"predecessor-version":[{"id":668,"href":"https:\/\/iesppsantaana.edu.pe\/index.php\/wp-json\/wp\/v2\/pages\/277\/revisions\/668"}],"wp:attachment":[{"href":"https:\/\/iesppsantaana.edu.pe\/index.php\/wp-json\/wp\/v2\/media?parent=277"}],"curies":[{"name":"wp","href":"https:\/\/api.w.org\/{rel}","templated":true}]}}